{"id":34010,"date":"2026-05-11T19:17:26","date_gmt":"2026-05-11T19:17:26","guid":{"rendered":"https:\/\/zlataraimperia.rs\/?post_type=product&#038;p=34010"},"modified":"2026-05-11T19:18:22","modified_gmt":"2026-05-11T19:18:22","slug":"ogrlica-prsten-i-mindjuse-sa-brilijantima","status":"publish","type":"product","link":"https:\/\/zlataraimperia.rs\/en\/kompleti-nakita\/ogrlica-prsten-i-mindjuse-sa-brilijantima\/","title":{"rendered":"Ogrlica, prsten i min\u0111u\u0161e sa brilijantima"},"content":{"rendered":"","protected":false},"excerpt":{"rendered":"<p>Komplet ogrlica, prsten i min\u0111u\u0161e sa brilijantima izra\u0111en je od \u017eutog zlata i ukra\u0161en sa ukupno dvadeset brilijanata koji kompletu daju bogat i skladan sjaj. Ujedna\u010den dizajn sva tri komada \u010dini ga zaokru\u017eenim izborom za posebne prilike i sve\u010dane trenutke.<\/p>\n<p>Svaki od ovih komada nakita mo\u017ee se kupiti i pojedina\u010dno.<\/p>","protected":false},"featured_media":34011,"comment_status":"open","ping_status":"closed","template":"","meta":[],"product_brand":[],"product_cat":[118],"product_tag":[],"class_list":{"0":"post-34010","1":"product","2":"type-product","3":"status-publish","4":"has-post-thumbnail","6":"product_cat-kompleti-nakita","7":"pa_materijali-zuto-zlato","8":"pa_vrste-kamena-brilijant","10":"first","11":"instock","12":"shipping-taxable","13":"purchasable","14":"product-type-simple"},"_links":{"self":[{"href":"https:\/\/zlataraimperia.rs\/en\/wp-json\/wp\/v2\/product\/34010","targetHints":{"allow":["GET"]}}],"collection":[{"href":"https:\/\/zlataraimperia.rs\/en\/wp-json\/wp\/v2\/product"}],"about":[{"href":"https:\/\/zlataraimperia.rs\/en\/wp-json\/wp\/v2\/types\/product"}],"replies":[{"embeddable":true,"href":"https:\/\/zlataraimperia.rs\/en\/wp-json\/wp\/v2\/comments?post=34010"}],"version-history":[{"count":5,"href":"https:\/\/zlataraimperia.rs\/en\/wp-json\/wp\/v2\/product\/34010\/revisions"}],"predecessor-version":[{"id":34016,"href":"https:\/\/zlataraimperia.rs\/en\/wp-json\/wp\/v2\/product\/34010\/revisions\/34016"}],"wp:featuredmedia":[{"embeddable":true,"href":"https:\/\/zlataraimperia.rs\/en\/wp-json\/wp\/v2\/media\/34011"}],"wp:attachment":[{"href":"https:\/\/zlataraimperia.rs\/en\/wp-json\/wp\/v2\/media?parent=34010"}],"wp:term":[{"taxonomy":"product_brand","embeddable":true,"href":"https:\/\/zlataraimperia.rs\/en\/wp-json\/wp\/v2\/product_brand?post=34010"},{"taxonomy":"product_cat","embeddable":true,"href":"https:\/\/zlataraimperia.rs\/en\/wp-json\/wp\/v2\/product_cat?post=34010"},{"taxonomy":"product_tag","embeddable":true,"href":"https:\/\/zlataraimperia.rs\/en\/wp-json\/wp\/v2\/product_tag?post=34010"}],"curies":[{"name":"wp","href":"https:\/\/api.w.org\/{rel}","templated":true}]}}