{"id":34006,"date":"2026-05-11T19:12:58","date_gmt":"2026-05-11T19:12:58","guid":{"rendered":"https:\/\/zlataraimperia.rs\/?post_type=product&#038;p=34006"},"modified":"2026-05-11T19:12:58","modified_gmt":"2026-05-11T19:12:58","slug":"zlatna-ogrlica-sa-sest-brilijanata","status":"publish","type":"product","link":"https:\/\/zlataraimperia.rs\/en\/ogrlice\/zlatna-ogrlica-sa-sest-brilijanata\/","title":{"rendered":"Zlatna ogrlica sa \u0161est brilijanata"},"content":{"rendered":"","protected":false},"excerpt":{"rendered":"<p>Zlatna ogrlica sa \u0161est brilijanata izra\u0111ena je od \u017eutog zlata i krasi je privezak sa pa\u017eljivo postavljenim brilijantima koji doprinose elegantnom i luksuznom izgledu. Prefinjene linije i sklad detalja \u010dine ovaj komad nakita odli\u010dnim dodatkom za posebne trenutke i svakodnevnu eleganciju.<\/p>","protected":false},"featured_media":34007,"comment_status":"open","ping_status":"closed","template":"","meta":[],"product_brand":[],"product_cat":[132],"product_tag":[],"class_list":{"0":"post-34006","1":"product","2":"type-product","3":"status-publish","4":"has-post-thumbnail","6":"product_cat-ogrlice","7":"pa_materijali-zuto-zlato","8":"pa_vrste-kamena-brilijant","10":"first","11":"instock","12":"shipping-taxable","13":"purchasable","14":"product-type-simple"},"_links":{"self":[{"href":"https:\/\/zlataraimperia.rs\/en\/wp-json\/wp\/v2\/product\/34006","targetHints":{"allow":["GET"]}}],"collection":[{"href":"https:\/\/zlataraimperia.rs\/en\/wp-json\/wp\/v2\/product"}],"about":[{"href":"https:\/\/zlataraimperia.rs\/en\/wp-json\/wp\/v2\/types\/product"}],"replies":[{"embeddable":true,"href":"https:\/\/zlataraimperia.rs\/en\/wp-json\/wp\/v2\/comments?post=34006"}],"version-history":[{"count":2,"href":"https:\/\/zlataraimperia.rs\/en\/wp-json\/wp\/v2\/product\/34006\/revisions"}],"predecessor-version":[{"id":34009,"href":"https:\/\/zlataraimperia.rs\/en\/wp-json\/wp\/v2\/product\/34006\/revisions\/34009"}],"wp:featuredmedia":[{"embeddable":true,"href":"https:\/\/zlataraimperia.rs\/en\/wp-json\/wp\/v2\/media\/34007"}],"wp:attachment":[{"href":"https:\/\/zlataraimperia.rs\/en\/wp-json\/wp\/v2\/media?parent=34006"}],"wp:term":[{"taxonomy":"product_brand","embeddable":true,"href":"https:\/\/zlataraimperia.rs\/en\/wp-json\/wp\/v2\/product_brand?post=34006"},{"taxonomy":"product_cat","embeddable":true,"href":"https:\/\/zlataraimperia.rs\/en\/wp-json\/wp\/v2\/product_cat?post=34006"},{"taxonomy":"product_tag","embeddable":true,"href":"https:\/\/zlataraimperia.rs\/en\/wp-json\/wp\/v2\/product_tag?post=34006"}],"curies":[{"name":"wp","href":"https:\/\/api.w.org\/{rel}","templated":true}]}}