{"id":33989,"date":"2026-05-11T18:46:35","date_gmt":"2026-05-11T18:46:35","guid":{"rendered":"https:\/\/zlataraimperia.rs\/?post_type=product&#038;p=33989"},"modified":"2026-05-11T18:46:36","modified_gmt":"2026-05-11T18:46:36","slug":"prsten-sa-brilijantima-3","status":"publish","type":"product","link":"https:\/\/zlataraimperia.rs\/en\/verenicko-prstenje\/prsten-sa-brilijantima-3\/","title":{"rendered":"Prsten sa brilijantima"},"content":{"rendered":"","protected":false},"excerpt":{"rendered":"<p>Prsten sa brilijantima izra\u0111en je od belog zlata i ukra\u0161en brilijantima raspore\u0111enim po obodu prstena i na krunici, \u010dime se posti\u017ee elegantan i rasko\u0161an sjaj. Precizna izrada i skladno uklopljeni detalji \u010dine ga odli\u010dnim izborom za ljubitelje luksuznog nakita modernog dizajna.<\/p>","protected":false},"featured_media":33990,"comment_status":"open","ping_status":"closed","template":"","meta":[],"product_brand":[],"product_cat":[104,138],"product_tag":[],"class_list":{"0":"post-33989","1":"product","2":"type-product","3":"status-publish","4":"has-post-thumbnail","6":"product_cat-verenicko-prstenje","7":"product_cat-prstenje","8":"pa_materijali-belo-zlato","9":"pa_vrste-kamena-brilijant","11":"first","12":"instock","13":"shipping-taxable","14":"purchasable","15":"product-type-simple"},"_links":{"self":[{"href":"https:\/\/zlataraimperia.rs\/en\/wp-json\/wp\/v2\/product\/33989","targetHints":{"allow":["GET"]}}],"collection":[{"href":"https:\/\/zlataraimperia.rs\/en\/wp-json\/wp\/v2\/product"}],"about":[{"href":"https:\/\/zlataraimperia.rs\/en\/wp-json\/wp\/v2\/types\/product"}],"replies":[{"embeddable":true,"href":"https:\/\/zlataraimperia.rs\/en\/wp-json\/wp\/v2\/comments?post=33989"}],"version-history":[{"count":2,"href":"https:\/\/zlataraimperia.rs\/en\/wp-json\/wp\/v2\/product\/33989\/revisions"}],"predecessor-version":[{"id":33992,"href":"https:\/\/zlataraimperia.rs\/en\/wp-json\/wp\/v2\/product\/33989\/revisions\/33992"}],"wp:featuredmedia":[{"embeddable":true,"href":"https:\/\/zlataraimperia.rs\/en\/wp-json\/wp\/v2\/media\/33990"}],"wp:attachment":[{"href":"https:\/\/zlataraimperia.rs\/en\/wp-json\/wp\/v2\/media?parent=33989"}],"wp:term":[{"taxonomy":"product_brand","embeddable":true,"href":"https:\/\/zlataraimperia.rs\/en\/wp-json\/wp\/v2\/product_brand?post=33989"},{"taxonomy":"product_cat","embeddable":true,"href":"https:\/\/zlataraimperia.rs\/en\/wp-json\/wp\/v2\/product_cat?post=33989"},{"taxonomy":"product_tag","embeddable":true,"href":"https:\/\/zlataraimperia.rs\/en\/wp-json\/wp\/v2\/product_tag?post=33989"}],"curies":[{"name":"wp","href":"https:\/\/api.w.org\/{rel}","templated":true}]}}