{"id":33986,"date":"2026-05-11T18:39:01","date_gmt":"2026-05-11T18:39:01","guid":{"rendered":"https:\/\/zlataraimperia.rs\/?post_type=product&#038;p=33986"},"modified":"2026-05-11T18:39:01","modified_gmt":"2026-05-11T18:39:01","slug":"prsten-sa-nizom-brilijanata","status":"publish","type":"product","link":"https:\/\/zlataraimperia.rs\/en\/verenicko-prstenje\/prsten-sa-nizom-brilijanata\/","title":{"rendered":"Prsten sa nizom brilijanata"},"content":{"rendered":"","protected":false},"excerpt":{"rendered":"<p>Prsten sa nizom brilijanata izra\u0111en je od belog zlata i ukra\u0161en brilijantima raspore\u0111enim du\u017e oboda prstena i na samoj krunici, stvaraju\u0107i skladan i luksuzan sjaj iz svakog ugla. Prefinjen dizajn i pa\u017eljivo uklopljeni detalji \u010dine ga sofisticiranim izborom za posebne trenutke i elegantan stil.<\/p>","protected":false},"featured_media":33987,"comment_status":"open","ping_status":"closed","template":"","meta":[],"product_brand":[],"product_cat":[104,138],"product_tag":[],"class_list":{"0":"post-33986","1":"product","2":"type-product","3":"status-publish","4":"has-post-thumbnail","6":"product_cat-verenicko-prstenje","7":"product_cat-prstenje","8":"pa_materijali-belo-zlato","9":"pa_vrste-kamena-brilijant","11":"first","12":"instock","13":"shipping-taxable","14":"purchasable","15":"product-type-simple"},"_links":{"self":[{"href":"https:\/\/zlataraimperia.rs\/en\/wp-json\/wp\/v2\/product\/33986","targetHints":{"allow":["GET"]}}],"collection":[{"href":"https:\/\/zlataraimperia.rs\/en\/wp-json\/wp\/v2\/product"}],"about":[{"href":"https:\/\/zlataraimperia.rs\/en\/wp-json\/wp\/v2\/types\/product"}],"replies":[{"embeddable":true,"href":"https:\/\/zlataraimperia.rs\/en\/wp-json\/wp\/v2\/comments?post=33986"}],"version-history":[{"count":1,"href":"https:\/\/zlataraimperia.rs\/en\/wp-json\/wp\/v2\/product\/33986\/revisions"}],"predecessor-version":[{"id":33988,"href":"https:\/\/zlataraimperia.rs\/en\/wp-json\/wp\/v2\/product\/33986\/revisions\/33988"}],"wp:featuredmedia":[{"embeddable":true,"href":"https:\/\/zlataraimperia.rs\/en\/wp-json\/wp\/v2\/media\/33987"}],"wp:attachment":[{"href":"https:\/\/zlataraimperia.rs\/en\/wp-json\/wp\/v2\/media?parent=33986"}],"wp:term":[{"taxonomy":"product_brand","embeddable":true,"href":"https:\/\/zlataraimperia.rs\/en\/wp-json\/wp\/v2\/product_brand?post=33986"},{"taxonomy":"product_cat","embeddable":true,"href":"https:\/\/zlataraimperia.rs\/en\/wp-json\/wp\/v2\/product_cat?post=33986"},{"taxonomy":"product_tag","embeddable":true,"href":"https:\/\/zlataraimperia.rs\/en\/wp-json\/wp\/v2\/product_tag?post=33986"}],"curies":[{"name":"wp","href":"https:\/\/api.w.org\/{rel}","templated":true}]}}