{"id":33978,"date":"2026-05-11T08:16:59","date_gmt":"2026-05-11T08:16:59","guid":{"rendered":"https:\/\/zlataraimperia.rs\/?post_type=product&#038;p=33978"},"modified":"2026-05-11T08:16:59","modified_gmt":"2026-05-11T08:16:59","slug":"prsten-od-belog-zlata-sa-brilijantima-2","status":"publish","type":"product","link":"https:\/\/zlataraimperia.rs\/en\/verenicko-prstenje\/prsten-od-belog-zlata-sa-brilijantima-2\/","title":{"rendered":"White gold ring with diamonds"},"content":{"rendered":"","protected":false},"excerpt":{"rendered":"<p>Prsten od belog zlata sa brilijantima isti\u010de se elegantnim dizajnom i prefinjenim sjajem brilijanata koji mu daju bezvremenski luksuz. Izra\u0111en od belog zlata, predstavlja savr\u0161en izbor za posebne prilike i simbolizuje sofisticiranost i trajnu vrednost.<\/p>","protected":false},"featured_media":33979,"comment_status":"open","ping_status":"closed","template":"","meta":[],"product_brand":[],"product_cat":[104,138],"product_tag":[],"class_list":{"0":"post-33978","1":"product","2":"type-product","3":"status-publish","4":"has-post-thumbnail","6":"product_cat-verenicko-prstenje","7":"product_cat-prstenje","8":"pa_materijali-belo-zlato","9":"pa_vrste-kamena-brilijant","11":"first","12":"instock","13":"shipping-taxable","14":"purchasable","15":"product-type-simple"},"_links":{"self":[{"href":"https:\/\/zlataraimperia.rs\/en\/wp-json\/wp\/v2\/product\/33978","targetHints":{"allow":["GET"]}}],"collection":[{"href":"https:\/\/zlataraimperia.rs\/en\/wp-json\/wp\/v2\/product"}],"about":[{"href":"https:\/\/zlataraimperia.rs\/en\/wp-json\/wp\/v2\/types\/product"}],"replies":[{"embeddable":true,"href":"https:\/\/zlataraimperia.rs\/en\/wp-json\/wp\/v2\/comments?post=33978"}],"version-history":[{"count":2,"href":"https:\/\/zlataraimperia.rs\/en\/wp-json\/wp\/v2\/product\/33978\/revisions"}],"predecessor-version":[{"id":33981,"href":"https:\/\/zlataraimperia.rs\/en\/wp-json\/wp\/v2\/product\/33978\/revisions\/33981"}],"wp:featuredmedia":[{"embeddable":true,"href":"https:\/\/zlataraimperia.rs\/en\/wp-json\/wp\/v2\/media\/33979"}],"wp:attachment":[{"href":"https:\/\/zlataraimperia.rs\/en\/wp-json\/wp\/v2\/media?parent=33978"}],"wp:term":[{"taxonomy":"product_brand","embeddable":true,"href":"https:\/\/zlataraimperia.rs\/en\/wp-json\/wp\/v2\/product_brand?post=33978"},{"taxonomy":"product_cat","embeddable":true,"href":"https:\/\/zlataraimperia.rs\/en\/wp-json\/wp\/v2\/product_cat?post=33978"},{"taxonomy":"product_tag","embeddable":true,"href":"https:\/\/zlataraimperia.rs\/en\/wp-json\/wp\/v2\/product_tag?post=33978"}],"curies":[{"name":"wp","href":"https:\/\/api.w.org\/{rel}","templated":true}]}}