{"id":33874,"date":"2026-03-22T19:43:34","date_gmt":"2026-03-22T19:43:34","guid":{"rendered":"https:\/\/zlataraimperia.rs\/?post_type=product&#038;p=33874"},"modified":"2026-03-22T19:43:34","modified_gmt":"2026-03-22T19:43:34","slug":"verenicki-prsten-od-zutog-zlata-3","status":"publish","type":"product","link":"https:\/\/zlataraimperia.rs\/en\/verenicko-prstenje\/verenicki-prsten-od-zutog-zlata-3\/","title":{"rendered":"Yellow gold engagement ring"},"content":{"rendered":"","protected":false},"excerpt":{"rendered":"<p>Vereni\u010dki prsten od \u017eutog zlata sa dijamantom, komad koji spaja \u010disto\u0107u dizajna i izra\u017een vizuelni efekat.<\/p>","protected":false},"featured_media":33875,"comment_status":"open","ping_status":"closed","template":"","meta":[],"product_brand":[],"product_cat":[104],"product_tag":[],"class_list":{"0":"post-33874","1":"product","2":"type-product","3":"status-publish","4":"has-post-thumbnail","6":"product_cat-verenicko-prstenje","7":"pa_materijali-zuto-zlato","8":"pa_vrste-kamena-dijamant","10":"first","11":"instock","12":"shipping-taxable","13":"purchasable","14":"product-type-simple"},"_links":{"self":[{"href":"https:\/\/zlataraimperia.rs\/en\/wp-json\/wp\/v2\/product\/33874","targetHints":{"allow":["GET"]}}],"collection":[{"href":"https:\/\/zlataraimperia.rs\/en\/wp-json\/wp\/v2\/product"}],"about":[{"href":"https:\/\/zlataraimperia.rs\/en\/wp-json\/wp\/v2\/types\/product"}],"replies":[{"embeddable":true,"href":"https:\/\/zlataraimperia.rs\/en\/wp-json\/wp\/v2\/comments?post=33874"}],"version-history":[{"count":2,"href":"https:\/\/zlataraimperia.rs\/en\/wp-json\/wp\/v2\/product\/33874\/revisions"}],"predecessor-version":[{"id":33877,"href":"https:\/\/zlataraimperia.rs\/en\/wp-json\/wp\/v2\/product\/33874\/revisions\/33877"}],"wp:featuredmedia":[{"embeddable":true,"href":"https:\/\/zlataraimperia.rs\/en\/wp-json\/wp\/v2\/media\/33875"}],"wp:attachment":[{"href":"https:\/\/zlataraimperia.rs\/en\/wp-json\/wp\/v2\/media?parent=33874"}],"wp:term":[{"taxonomy":"product_brand","embeddable":true,"href":"https:\/\/zlataraimperia.rs\/en\/wp-json\/wp\/v2\/product_brand?post=33874"},{"taxonomy":"product_cat","embeddable":true,"href":"https:\/\/zlataraimperia.rs\/en\/wp-json\/wp\/v2\/product_cat?post=33874"},{"taxonomy":"product_tag","embeddable":true,"href":"https:\/\/zlataraimperia.rs\/en\/wp-json\/wp\/v2\/product_tag?post=33874"}],"curies":[{"name":"wp","href":"https:\/\/api.w.org\/{rel}","templated":true}]}}