{"id":33848,"date":"2026-03-22T19:24:36","date_gmt":"2026-03-22T19:24:36","guid":{"rendered":"https:\/\/zlataraimperia.rs\/?post_type=product&#038;p=33848"},"modified":"2026-03-22T19:24:36","modified_gmt":"2026-03-22T19:24:36","slug":"zlatni-verenicki-prsten-6","status":"publish","type":"product","link":"https:\/\/zlataraimperia.rs\/en\/verenicko-prstenje\/zlatni-verenicki-prsten-6\/","title":{"rendered":"Gold engagement ring"},"content":{"rendered":"","protected":false},"excerpt":{"rendered":"<p>Zlatni vereni\u010dki prsten, moderan izbor sa izra\u017eenim linijama i jasnim oblikom ukra\u0161en dijamantima.<\/p>","protected":false},"featured_media":33849,"comment_status":"open","ping_status":"closed","template":"","meta":[],"product_brand":[],"product_cat":[104],"product_tag":[],"class_list":{"0":"post-33848","1":"product","2":"type-product","3":"status-publish","4":"has-post-thumbnail","6":"product_cat-verenicko-prstenje","7":"pa_materijali-zuto-zlato","8":"pa_vrste-kamena-dijamant","10":"first","11":"instock","12":"shipping-taxable","13":"purchasable","14":"product-type-simple"},"_links":{"self":[{"href":"https:\/\/zlataraimperia.rs\/en\/wp-json\/wp\/v2\/product\/33848","targetHints":{"allow":["GET"]}}],"collection":[{"href":"https:\/\/zlataraimperia.rs\/en\/wp-json\/wp\/v2\/product"}],"about":[{"href":"https:\/\/zlataraimperia.rs\/en\/wp-json\/wp\/v2\/types\/product"}],"replies":[{"embeddable":true,"href":"https:\/\/zlataraimperia.rs\/en\/wp-json\/wp\/v2\/comments?post=33848"}],"version-history":[{"count":2,"href":"https:\/\/zlataraimperia.rs\/en\/wp-json\/wp\/v2\/product\/33848\/revisions"}],"predecessor-version":[{"id":33851,"href":"https:\/\/zlataraimperia.rs\/en\/wp-json\/wp\/v2\/product\/33848\/revisions\/33851"}],"wp:featuredmedia":[{"embeddable":true,"href":"https:\/\/zlataraimperia.rs\/en\/wp-json\/wp\/v2\/media\/33849"}],"wp:attachment":[{"href":"https:\/\/zlataraimperia.rs\/en\/wp-json\/wp\/v2\/media?parent=33848"}],"wp:term":[{"taxonomy":"product_brand","embeddable":true,"href":"https:\/\/zlataraimperia.rs\/en\/wp-json\/wp\/v2\/product_brand?post=33848"},{"taxonomy":"product_cat","embeddable":true,"href":"https:\/\/zlataraimperia.rs\/en\/wp-json\/wp\/v2\/product_cat?post=33848"},{"taxonomy":"product_tag","embeddable":true,"href":"https:\/\/zlataraimperia.rs\/en\/wp-json\/wp\/v2\/product_tag?post=33848"}],"curies":[{"name":"wp","href":"https:\/\/api.w.org\/{rel}","templated":true}]}}