{"id":33831,"date":"2026-03-22T18:52:08","date_gmt":"2026-03-22T18:52:08","guid":{"rendered":"https:\/\/zlataraimperia.rs\/?post_type=product&#038;p=33831"},"modified":"2026-03-22T18:52:08","modified_gmt":"2026-03-22T18:52:08","slug":"lep-zlatni-verenicki-prsten","status":"publish","type":"product","link":"https:\/\/zlataraimperia.rs\/en\/verenicko-prstenje\/lep-zlatni-verenicki-prsten\/","title":{"rendered":"Lep zlatni vereni\u010dki prsten"},"content":{"rendered":"","protected":false},"excerpt":{"rendered":"<p>Lep zlatni vereni\u010dki prsten sa pra\u017eljivo dizajniranom krunicom i blistavim dijamantom.<\/p>","protected":false},"featured_media":33832,"comment_status":"open","ping_status":"closed","template":"","meta":[],"product_brand":[],"product_cat":[104],"product_tag":[],"class_list":{"0":"post-33831","1":"product","2":"type-product","3":"status-publish","4":"has-post-thumbnail","6":"product_cat-verenicko-prstenje","7":"pa_materijali-zuto-zlato","8":"pa_vrste-kamena-dijamant","10":"first","11":"instock","12":"shipping-taxable","13":"purchasable","14":"product-type-simple"},"_links":{"self":[{"href":"https:\/\/zlataraimperia.rs\/en\/wp-json\/wp\/v2\/product\/33831","targetHints":{"allow":["GET"]}}],"collection":[{"href":"https:\/\/zlataraimperia.rs\/en\/wp-json\/wp\/v2\/product"}],"about":[{"href":"https:\/\/zlataraimperia.rs\/en\/wp-json\/wp\/v2\/types\/product"}],"replies":[{"embeddable":true,"href":"https:\/\/zlataraimperia.rs\/en\/wp-json\/wp\/v2\/comments?post=33831"}],"version-history":[{"count":3,"href":"https:\/\/zlataraimperia.rs\/en\/wp-json\/wp\/v2\/product\/33831\/revisions"}],"predecessor-version":[{"id":33835,"href":"https:\/\/zlataraimperia.rs\/en\/wp-json\/wp\/v2\/product\/33831\/revisions\/33835"}],"wp:featuredmedia":[{"embeddable":true,"href":"https:\/\/zlataraimperia.rs\/en\/wp-json\/wp\/v2\/media\/33832"}],"wp:attachment":[{"href":"https:\/\/zlataraimperia.rs\/en\/wp-json\/wp\/v2\/media?parent=33831"}],"wp:term":[{"taxonomy":"product_brand","embeddable":true,"href":"https:\/\/zlataraimperia.rs\/en\/wp-json\/wp\/v2\/product_brand?post=33831"},{"taxonomy":"product_cat","embeddable":true,"href":"https:\/\/zlataraimperia.rs\/en\/wp-json\/wp\/v2\/product_cat?post=33831"},{"taxonomy":"product_tag","embeddable":true,"href":"https:\/\/zlataraimperia.rs\/en\/wp-json\/wp\/v2\/product_tag?post=33831"}],"curies":[{"name":"wp","href":"https:\/\/api.w.org\/{rel}","templated":true}]}}