{"id":33771,"date":"2026-03-22T17:19:17","date_gmt":"2026-03-22T17:19:17","guid":{"rendered":"https:\/\/zlataraimperia.rs\/?post_type=product&#038;p=33771"},"modified":"2026-03-22T17:19:17","modified_gmt":"2026-03-22T17:19:17","slug":"ekstra-cena-zlatni-verenicki-prsten","status":"publish","type":"product","link":"https:\/\/zlataraimperia.rs\/en\/verenicko-prstenje\/ekstra-cena-zlatni-verenicki-prsten\/","title":{"rendered":"EKSTRA CENA &#8211; Zlatni vereni\u010dki prsten"},"content":{"rendered":"","protected":false},"excerpt":{"rendered":"<p>Ekstra cena &#8211; Zlatni vereni\u010dki prsten odli\u010dnog dizajna i kvaliteta, ukra\u0161en dijamantom sada na popustu.<\/p>","protected":false},"featured_media":33772,"comment_status":"open","ping_status":"closed","template":"","meta":[],"product_brand":[],"product_cat":[104],"product_tag":[],"class_list":{"0":"post-33771","1":"product","2":"type-product","3":"status-publish","4":"has-post-thumbnail","6":"product_cat-verenicko-prstenje","7":"pa_materijali-zuto-zlato","8":"pa_vrste-kamena-dijamant","10":"first","11":"instock","12":"sale","13":"shipping-taxable","14":"purchasable","15":"product-type-simple"},"_links":{"self":[{"href":"https:\/\/zlataraimperia.rs\/en\/wp-json\/wp\/v2\/product\/33771","targetHints":{"allow":["GET"]}}],"collection":[{"href":"https:\/\/zlataraimperia.rs\/en\/wp-json\/wp\/v2\/product"}],"about":[{"href":"https:\/\/zlataraimperia.rs\/en\/wp-json\/wp\/v2\/types\/product"}],"replies":[{"embeddable":true,"href":"https:\/\/zlataraimperia.rs\/en\/wp-json\/wp\/v2\/comments?post=33771"}],"version-history":[{"count":2,"href":"https:\/\/zlataraimperia.rs\/en\/wp-json\/wp\/v2\/product\/33771\/revisions"}],"predecessor-version":[{"id":33774,"href":"https:\/\/zlataraimperia.rs\/en\/wp-json\/wp\/v2\/product\/33771\/revisions\/33774"}],"wp:featuredmedia":[{"embeddable":true,"href":"https:\/\/zlataraimperia.rs\/en\/wp-json\/wp\/v2\/media\/33772"}],"wp:attachment":[{"href":"https:\/\/zlataraimperia.rs\/en\/wp-json\/wp\/v2\/media?parent=33771"}],"wp:term":[{"taxonomy":"product_brand","embeddable":true,"href":"https:\/\/zlataraimperia.rs\/en\/wp-json\/wp\/v2\/product_brand?post=33771"},{"taxonomy":"product_cat","embeddable":true,"href":"https:\/\/zlataraimperia.rs\/en\/wp-json\/wp\/v2\/product_cat?post=33771"},{"taxonomy":"product_tag","embeddable":true,"href":"https:\/\/zlataraimperia.rs\/en\/wp-json\/wp\/v2\/product_tag?post=33771"}],"curies":[{"name":"wp","href":"https:\/\/api.w.org\/{rel}","templated":true}]}}