{"id":33394,"date":"2026-01-14T19:49:50","date_gmt":"2026-01-14T19:49:50","guid":{"rendered":"https:\/\/zlataraimperia.rs\/?post_type=product&#038;p=33394"},"modified":"2026-02-09T11:19:32","modified_gmt":"2026-02-09T11:19:32","slug":"ogrlica-sa-zlatnim-perlama","status":"publish","type":"product","link":"https:\/\/zlataraimperia.rs\/en\/ogrlice\/ogrlica-sa-zlatnim-perlama\/","title":{"rendered":"Ogrlica sa zlatnim perlama"},"content":{"rendered":"","protected":false},"excerpt":{"rendered":"<p>Ova elegantna ogrlica od \u017eutog zlata kombinuje tri ve\u0107e perle sa nizom manjih, u roze, beloj i \u017eutoj boji zlata. Kontrast veli\u010dina i harmonija boja stvaraju upe\u010datljiv i moderan izgled. Savr\u0161ena je kao detalj koji privla\u010di pa\u017enju i oplemenjuje svaki stajling.<\/p>","protected":false},"featured_media":28249,"comment_status":"open","ping_status":"closed","template":"","meta":[],"product_brand":[],"product_cat":[132],"product_tag":[],"class_list":{"0":"post-33394","1":"product","2":"type-product","3":"status-publish","4":"has-post-thumbnail","6":"product_cat-ogrlice","7":"pa_materijali-kombinacija-zlata","8":"pa_materijali-zuto-zlato","9":"pa_vrste-kamena-bez-kamena","11":"first","12":"instock","13":"shipping-taxable","14":"purchasable","15":"product-type-simple"},"_links":{"self":[{"href":"https:\/\/zlataraimperia.rs\/en\/wp-json\/wp\/v2\/product\/33394","targetHints":{"allow":["GET"]}}],"collection":[{"href":"https:\/\/zlataraimperia.rs\/en\/wp-json\/wp\/v2\/product"}],"about":[{"href":"https:\/\/zlataraimperia.rs\/en\/wp-json\/wp\/v2\/types\/product"}],"replies":[{"embeddable":true,"href":"https:\/\/zlataraimperia.rs\/en\/wp-json\/wp\/v2\/comments?post=33394"}],"version-history":[{"count":2,"href":"https:\/\/zlataraimperia.rs\/en\/wp-json\/wp\/v2\/product\/33394\/revisions"}],"predecessor-version":[{"id":33396,"href":"https:\/\/zlataraimperia.rs\/en\/wp-json\/wp\/v2\/product\/33394\/revisions\/33396"}],"wp:featuredmedia":[{"embeddable":true,"href":"https:\/\/zlataraimperia.rs\/en\/wp-json\/wp\/v2\/media\/28249"}],"wp:attachment":[{"href":"https:\/\/zlataraimperia.rs\/en\/wp-json\/wp\/v2\/media?parent=33394"}],"wp:term":[{"taxonomy":"product_brand","embeddable":true,"href":"https:\/\/zlataraimperia.rs\/en\/wp-json\/wp\/v2\/product_brand?post=33394"},{"taxonomy":"product_cat","embeddable":true,"href":"https:\/\/zlataraimperia.rs\/en\/wp-json\/wp\/v2\/product_cat?post=33394"},{"taxonomy":"product_tag","embeddable":true,"href":"https:\/\/zlataraimperia.rs\/en\/wp-json\/wp\/v2\/product_tag?post=33394"}],"curies":[{"name":"wp","href":"https:\/\/api.w.org\/{rel}","templated":true}]}}