{"id":33385,"date":"2026-01-14T19:31:35","date_gmt":"2026-01-14T19:31:35","guid":{"rendered":"https:\/\/zlataraimperia.rs\/?post_type=product&#038;p=33385"},"modified":"2026-02-09T11:19:32","modified_gmt":"2026-02-09T11:19:32","slug":"zlatna-ogrlica-sa-privescima-od-tri-boje-zlata-2","status":"publish","type":"product","link":"https:\/\/zlataraimperia.rs\/en\/ogrlice\/zlatna-ogrlica-sa-privescima-od-tri-boje-zlata-2\/","title":{"rendered":"Zlatna ogrlica sa privescima od tri boje zlata"},"content":{"rendered":"","protected":false},"excerpt":{"rendered":"<p>Ne\u017ena ogrlica od \u017eutog zlata sa privescima\u2013perlicama u roze, beloj i \u017eutoj boji zlata. Svaka perlica unosi igru boja i svetlosti, daju\u0107i ogrlici elegantan i sofisticiran izgled. Savr\u0161ena je za svakodnevni sjaj ili kao upe\u010datljiv detalj uz svaki stajling.<\/p>","protected":false},"featured_media":28268,"comment_status":"open","ping_status":"closed","template":"","meta":[],"product_brand":[],"product_cat":[132],"product_tag":[],"class_list":{"0":"post-33385","1":"product","2":"type-product","3":"status-publish","4":"has-post-thumbnail","6":"product_cat-ogrlice","7":"pa_materijali-kombinacija-zlata","8":"pa_materijali-zuto-zlato","9":"pa_vrste-kamena-bez-kamena","11":"first","12":"instock","13":"shipping-taxable","14":"purchasable","15":"product-type-simple"},"_links":{"self":[{"href":"https:\/\/zlataraimperia.rs\/en\/wp-json\/wp\/v2\/product\/33385","targetHints":{"allow":["GET"]}}],"collection":[{"href":"https:\/\/zlataraimperia.rs\/en\/wp-json\/wp\/v2\/product"}],"about":[{"href":"https:\/\/zlataraimperia.rs\/en\/wp-json\/wp\/v2\/types\/product"}],"replies":[{"embeddable":true,"href":"https:\/\/zlataraimperia.rs\/en\/wp-json\/wp\/v2\/comments?post=33385"}],"version-history":[{"count":2,"href":"https:\/\/zlataraimperia.rs\/en\/wp-json\/wp\/v2\/product\/33385\/revisions"}],"predecessor-version":[{"id":33387,"href":"https:\/\/zlataraimperia.rs\/en\/wp-json\/wp\/v2\/product\/33385\/revisions\/33387"}],"wp:featuredmedia":[{"embeddable":true,"href":"https:\/\/zlataraimperia.rs\/en\/wp-json\/wp\/v2\/media\/28268"}],"wp:attachment":[{"href":"https:\/\/zlataraimperia.rs\/en\/wp-json\/wp\/v2\/media?parent=33385"}],"wp:term":[{"taxonomy":"product_brand","embeddable":true,"href":"https:\/\/zlataraimperia.rs\/en\/wp-json\/wp\/v2\/product_brand?post=33385"},{"taxonomy":"product_cat","embeddable":true,"href":"https:\/\/zlataraimperia.rs\/en\/wp-json\/wp\/v2\/product_cat?post=33385"},{"taxonomy":"product_tag","embeddable":true,"href":"https:\/\/zlataraimperia.rs\/en\/wp-json\/wp\/v2\/product_tag?post=33385"}],"curies":[{"name":"wp","href":"https:\/\/api.w.org\/{rel}","templated":true}]}}