{"id":33321,"date":"2025-12-27T21:39:21","date_gmt":"2025-12-27T21:39:21","guid":{"rendered":"https:\/\/zlataraimperia.rs\/?post_type=product&#038;p=33321"},"modified":"2025-12-27T21:39:21","modified_gmt":"2025-12-27T21:39:21","slug":"zlatne-mindjuse-sa-dijamantima-2","status":"publish","type":"product","link":"https:\/\/zlataraimperia.rs\/en\/mindjuse\/zlatne-mindjuse-sa-dijamantima-2\/","title":{"rendered":"Zlatne min\u0111u\u0161e sa dijamantima"},"content":{"rendered":"","protected":false},"excerpt":{"rendered":"<p>Zlatne min\u0111u\u0161e sa dijamantima izra\u0111ene su od \u017eutog zlata i krase ih elegantni ovalni oblici. Dijamanti na svakoj min\u0111u\u0161i dodaju sjaj i nagla\u0161avaju prefinjenost i luksuz komada.<\/p>","protected":false},"featured_media":33322,"comment_status":"open","ping_status":"closed","template":"","meta":[],"product_brand":[],"product_cat":[126],"product_tag":[],"class_list":{"0":"post-33321","1":"product","2":"type-product","3":"status-publish","4":"has-post-thumbnail","6":"product_cat-mindjuse","7":"pa_materijali-zuto-zlato","8":"pa_vrste-kamena-dijamant","10":"first","11":"instock","12":"shipping-taxable","13":"purchasable","14":"product-type-simple"},"_links":{"self":[{"href":"https:\/\/zlataraimperia.rs\/en\/wp-json\/wp\/v2\/product\/33321","targetHints":{"allow":["GET"]}}],"collection":[{"href":"https:\/\/zlataraimperia.rs\/en\/wp-json\/wp\/v2\/product"}],"about":[{"href":"https:\/\/zlataraimperia.rs\/en\/wp-json\/wp\/v2\/types\/product"}],"replies":[{"embeddable":true,"href":"https:\/\/zlataraimperia.rs\/en\/wp-json\/wp\/v2\/comments?post=33321"}],"version-history":[{"count":1,"href":"https:\/\/zlataraimperia.rs\/en\/wp-json\/wp\/v2\/product\/33321\/revisions"}],"predecessor-version":[{"id":33323,"href":"https:\/\/zlataraimperia.rs\/en\/wp-json\/wp\/v2\/product\/33321\/revisions\/33323"}],"wp:featuredmedia":[{"embeddable":true,"href":"https:\/\/zlataraimperia.rs\/en\/wp-json\/wp\/v2\/media\/33322"}],"wp:attachment":[{"href":"https:\/\/zlataraimperia.rs\/en\/wp-json\/wp\/v2\/media?parent=33321"}],"wp:term":[{"taxonomy":"product_brand","embeddable":true,"href":"https:\/\/zlataraimperia.rs\/en\/wp-json\/wp\/v2\/product_brand?post=33321"},{"taxonomy":"product_cat","embeddable":true,"href":"https:\/\/zlataraimperia.rs\/en\/wp-json\/wp\/v2\/product_cat?post=33321"},{"taxonomy":"product_tag","embeddable":true,"href":"https:\/\/zlataraimperia.rs\/en\/wp-json\/wp\/v2\/product_tag?post=33321"}],"curies":[{"name":"wp","href":"https:\/\/api.w.org\/{rel}","templated":true}]}}