{"id":33241,"date":"2025-12-27T12:24:05","date_gmt":"2025-12-27T12:24:05","guid":{"rendered":"https:\/\/zlataraimperia.rs\/?post_type=product&#038;p=33241"},"modified":"2025-12-27T12:24:05","modified_gmt":"2025-12-27T12:24:05","slug":"dijamantska-ogrlica-sa-priveskom-u-obliku-srca","status":"publish","type":"product","link":"https:\/\/zlataraimperia.rs\/en\/ogrlice\/dijamantska-ogrlica-sa-priveskom-u-obliku-srca\/","title":{"rendered":"Dijamantska ogrlica sa priveskom u obliku srca"},"content":{"rendered":"","protected":false},"excerpt":{"rendered":"<p>Dijamantska ogrlica sa priveskom u obliku srca donosi romanti\u010dan i ne\u017ean dizajn koji privla\u010di pa\u017enju svojom elegancijom. Dijaman postavljen na privezak pru\u017ea prelep sjaj i simbolizuje ljubav, privr\u017eenost i posebne trenutke.<\/p>","protected":false},"featured_media":33242,"comment_status":"open","ping_status":"closed","template":"","meta":[],"product_brand":[],"product_cat":[132],"product_tag":[],"class_list":{"0":"post-33241","1":"product","2":"type-product","3":"status-publish","4":"has-post-thumbnail","6":"product_cat-ogrlice","7":"pa_materijali-belo-zlato","8":"pa_vrste-kamena-dijamant","10":"first","11":"instock","12":"shipping-taxable","13":"purchasable","14":"product-type-simple"},"_links":{"self":[{"href":"https:\/\/zlataraimperia.rs\/en\/wp-json\/wp\/v2\/product\/33241","targetHints":{"allow":["GET"]}}],"collection":[{"href":"https:\/\/zlataraimperia.rs\/en\/wp-json\/wp\/v2\/product"}],"about":[{"href":"https:\/\/zlataraimperia.rs\/en\/wp-json\/wp\/v2\/types\/product"}],"replies":[{"embeddable":true,"href":"https:\/\/zlataraimperia.rs\/en\/wp-json\/wp\/v2\/comments?post=33241"}],"version-history":[{"count":3,"href":"https:\/\/zlataraimperia.rs\/en\/wp-json\/wp\/v2\/product\/33241\/revisions"}],"predecessor-version":[{"id":33245,"href":"https:\/\/zlataraimperia.rs\/en\/wp-json\/wp\/v2\/product\/33241\/revisions\/33245"}],"wp:featuredmedia":[{"embeddable":true,"href":"https:\/\/zlataraimperia.rs\/en\/wp-json\/wp\/v2\/media\/33242"}],"wp:attachment":[{"href":"https:\/\/zlataraimperia.rs\/en\/wp-json\/wp\/v2\/media?parent=33241"}],"wp:term":[{"taxonomy":"product_brand","embeddable":true,"href":"https:\/\/zlataraimperia.rs\/en\/wp-json\/wp\/v2\/product_brand?post=33241"},{"taxonomy":"product_cat","embeddable":true,"href":"https:\/\/zlataraimperia.rs\/en\/wp-json\/wp\/v2\/product_cat?post=33241"},{"taxonomy":"product_tag","embeddable":true,"href":"https:\/\/zlataraimperia.rs\/en\/wp-json\/wp\/v2\/product_tag?post=33241"}],"curies":[{"name":"wp","href":"https:\/\/api.w.org\/{rel}","templated":true}]}}