{"id":33205,"date":"2025-12-10T11:12:51","date_gmt":"2025-12-10T11:12:51","guid":{"rendered":"https:\/\/zlataraimperia.rs\/?post_type=product&#038;p=33205"},"modified":"2026-02-24T18:32:12","modified_gmt":"2026-02-24T18:32:12","slug":"prsten-sa-ametistom-i-brilijantima","status":"publish","type":"product","link":"https:\/\/zlataraimperia.rs\/en\/prstenje\/prsten-sa-ametistom-i-brilijantima\/","title":{"rendered":"Prsten sa ametistom i brilijantima"},"content":{"rendered":"","protected":false},"excerpt":{"rendered":"<p>Prsten sa ametistom i brilijantima krasi centralni ametist intenzivne ljubi\u010daste boje, koji dominira dizajnom. Sa svake strane ametista nalazi se po jedan brilijant koji dodatno nagla\u0161ava njegov sjaj i eleganciju. Komad odi\u0161e elegancijom i suptilnim luksuzom.<\/p>","protected":false},"featured_media":33154,"comment_status":"open","ping_status":"closed","template":"","meta":[],"product_brand":[],"product_cat":[138,104],"product_tag":[],"class_list":{"0":"post-33205","1":"product","2":"type-product","3":"status-publish","4":"has-post-thumbnail","6":"product_cat-prstenje","7":"product_cat-verenicko-prstenje","8":"pa_materijali-belo-zlato","9":"pa_vrste-kamena-ametist","10":"pa_vrste-kamena-brilijant","11":"pa_vrste-kamena-kombinacija-kamena","13":"first","14":"instock","15":"shipping-taxable","16":"purchasable","17":"product-type-simple"},"_links":{"self":[{"href":"https:\/\/zlataraimperia.rs\/en\/wp-json\/wp\/v2\/product\/33205","targetHints":{"allow":["GET"]}}],"collection":[{"href":"https:\/\/zlataraimperia.rs\/en\/wp-json\/wp\/v2\/product"}],"about":[{"href":"https:\/\/zlataraimperia.rs\/en\/wp-json\/wp\/v2\/types\/product"}],"replies":[{"embeddable":true,"href":"https:\/\/zlataraimperia.rs\/en\/wp-json\/wp\/v2\/comments?post=33205"}],"version-history":[{"count":2,"href":"https:\/\/zlataraimperia.rs\/en\/wp-json\/wp\/v2\/product\/33205\/revisions"}],"predecessor-version":[{"id":33207,"href":"https:\/\/zlataraimperia.rs\/en\/wp-json\/wp\/v2\/product\/33205\/revisions\/33207"}],"wp:featuredmedia":[{"embeddable":true,"href":"https:\/\/zlataraimperia.rs\/en\/wp-json\/wp\/v2\/media\/33154"}],"wp:attachment":[{"href":"https:\/\/zlataraimperia.rs\/en\/wp-json\/wp\/v2\/media?parent=33205"}],"wp:term":[{"taxonomy":"product_brand","embeddable":true,"href":"https:\/\/zlataraimperia.rs\/en\/wp-json\/wp\/v2\/product_brand?post=33205"},{"taxonomy":"product_cat","embeddable":true,"href":"https:\/\/zlataraimperia.rs\/en\/wp-json\/wp\/v2\/product_cat?post=33205"},{"taxonomy":"product_tag","embeddable":true,"href":"https:\/\/zlataraimperia.rs\/en\/wp-json\/wp\/v2\/product_tag?post=33205"}],"curies":[{"name":"wp","href":"https:\/\/api.w.org\/{rel}","templated":true}]}}