{"id":33176,"date":"2025-12-10T10:06:40","date_gmt":"2025-12-10T10:06:40","guid":{"rendered":"https:\/\/zlataraimperia.rs\/?post_type=product&#038;p=33176"},"modified":"2025-12-10T10:06:40","modified_gmt":"2025-12-10T10:06:40","slug":"prsten-sa-crnim-i-prozirnim-dijamantima","status":"publish","type":"product","link":"https:\/\/zlataraimperia.rs\/en\/prstenje\/prsten-sa-crnim-i-prozirnim-dijamantima\/","title":{"rendered":"Prsten sa crnim i prozirnim dijamantima"},"content":{"rendered":"","protected":false},"excerpt":{"rendered":"<p>Prsten sa crnim i prozirnim dijamantima kombinuje odva\u017enost i sofisticiranost. Crni dijamanti stvaraju upe\u010datljiv kontrast, dok prozirni dijamanti dodaju sjaj i eleganciju celom komadu. Savr\u0161en je za dame koje \u017eele moderan, luksuzan i unikatni prsten.<\/p>","protected":false},"featured_media":33146,"comment_status":"open","ping_status":"closed","template":"","meta":[],"product_brand":[],"product_cat":[138,104],"product_tag":[],"class_list":{"0":"post-33176","1":"product","2":"type-product","3":"status-publish","4":"has-post-thumbnail","6":"product_cat-prstenje","7":"product_cat-verenicko-prstenje","8":"pa_materijali-belo-zlato","9":"pa_vrste-kamena-crni-dijamant","10":"pa_vrste-kamena-dijamant","11":"pa_vrste-kamena-kombinacija-kamena","13":"first","14":"instock","15":"shipping-taxable","16":"purchasable","17":"product-type-simple"},"_links":{"self":[{"href":"https:\/\/zlataraimperia.rs\/en\/wp-json\/wp\/v2\/product\/33176","targetHints":{"allow":["GET"]}}],"collection":[{"href":"https:\/\/zlataraimperia.rs\/en\/wp-json\/wp\/v2\/product"}],"about":[{"href":"https:\/\/zlataraimperia.rs\/en\/wp-json\/wp\/v2\/types\/product"}],"replies":[{"embeddable":true,"href":"https:\/\/zlataraimperia.rs\/en\/wp-json\/wp\/v2\/comments?post=33176"}],"version-history":[{"count":1,"href":"https:\/\/zlataraimperia.rs\/en\/wp-json\/wp\/v2\/product\/33176\/revisions"}],"predecessor-version":[{"id":33182,"href":"https:\/\/zlataraimperia.rs\/en\/wp-json\/wp\/v2\/product\/33176\/revisions\/33182"}],"wp:featuredmedia":[{"embeddable":true,"href":"https:\/\/zlataraimperia.rs\/en\/wp-json\/wp\/v2\/media\/33146"}],"wp:attachment":[{"href":"https:\/\/zlataraimperia.rs\/en\/wp-json\/wp\/v2\/media?parent=33176"}],"wp:term":[{"taxonomy":"product_brand","embeddable":true,"href":"https:\/\/zlataraimperia.rs\/en\/wp-json\/wp\/v2\/product_brand?post=33176"},{"taxonomy":"product_cat","embeddable":true,"href":"https:\/\/zlataraimperia.rs\/en\/wp-json\/wp\/v2\/product_cat?post=33176"},{"taxonomy":"product_tag","embeddable":true,"href":"https:\/\/zlataraimperia.rs\/en\/wp-json\/wp\/v2\/product_tag?post=33176"}],"curies":[{"name":"wp","href":"https:\/\/api.w.org\/{rel}","templated":true}]}}