{"id":33166,"date":"2025-12-10T09:50:39","date_gmt":"2025-12-10T09:50:39","guid":{"rendered":"https:\/\/zlataraimperia.rs\/?post_type=product&#038;p=33166"},"modified":"2026-02-26T13:22:24","modified_gmt":"2026-02-26T13:22:24","slug":"prsten-plavi-safir-sa-brilijantima","status":"publish","type":"product","link":"https:\/\/zlataraimperia.rs\/en\/prstenje\/prsten-plavi-safir-sa-brilijantima\/","title":{"rendered":"Prsten plavi safir sa brilijantima"},"content":{"rendered":"","protected":false},"excerpt":{"rendered":"<p>Prsten od belog zlata sa dominantnim plavim safirom odu\u0161evljava svojom dubokom, elegantnom nijansom. Oko centralnog safira raspore\u0111eni su brilijanti koji mu daju dodatni sjaj i nagla\u0161avaju njegov rasko\u0161an izgled. Savr\u0161en je izbor za sve koji \u017eele upe\u010datljiv, sofisticiran i luksuzan komad nakita.<\/p>","protected":false},"featured_media":33141,"comment_status":"open","ping_status":"closed","template":"","meta":[],"product_brand":[],"product_cat":[138,104],"product_tag":[],"class_list":{"0":"post-33166","1":"product","2":"type-product","3":"status-publish","4":"has-post-thumbnail","6":"product_cat-prstenje","7":"product_cat-verenicko-prstenje","8":"pa_materijali-belo-zlato","9":"pa_vrste-kamena-brilijant","10":"pa_vrste-kamena-kombinacija-kamena","11":"pa_vrste-kamena-plavi-safir","13":"first","14":"instock","15":"shipping-taxable","16":"purchasable","17":"product-type-simple"},"_links":{"self":[{"href":"https:\/\/zlataraimperia.rs\/en\/wp-json\/wp\/v2\/product\/33166","targetHints":{"allow":["GET"]}}],"collection":[{"href":"https:\/\/zlataraimperia.rs\/en\/wp-json\/wp\/v2\/product"}],"about":[{"href":"https:\/\/zlataraimperia.rs\/en\/wp-json\/wp\/v2\/types\/product"}],"replies":[{"embeddable":true,"href":"https:\/\/zlataraimperia.rs\/en\/wp-json\/wp\/v2\/comments?post=33166"}],"version-history":[{"count":2,"href":"https:\/\/zlataraimperia.rs\/en\/wp-json\/wp\/v2\/product\/33166\/revisions"}],"predecessor-version":[{"id":33168,"href":"https:\/\/zlataraimperia.rs\/en\/wp-json\/wp\/v2\/product\/33166\/revisions\/33168"}],"wp:featuredmedia":[{"embeddable":true,"href":"https:\/\/zlataraimperia.rs\/en\/wp-json\/wp\/v2\/media\/33141"}],"wp:attachment":[{"href":"https:\/\/zlataraimperia.rs\/en\/wp-json\/wp\/v2\/media?parent=33166"}],"wp:term":[{"taxonomy":"product_brand","embeddable":true,"href":"https:\/\/zlataraimperia.rs\/en\/wp-json\/wp\/v2\/product_brand?post=33166"},{"taxonomy":"product_cat","embeddable":true,"href":"https:\/\/zlataraimperia.rs\/en\/wp-json\/wp\/v2\/product_cat?post=33166"},{"taxonomy":"product_tag","embeddable":true,"href":"https:\/\/zlataraimperia.rs\/en\/wp-json\/wp\/v2\/product_tag?post=33166"}],"curies":[{"name":"wp","href":"https:\/\/api.w.org\/{rel}","templated":true}]}}