{"id":33023,"date":"2025-11-20T21:46:05","date_gmt":"2025-11-20T21:46:05","guid":{"rendered":"https:\/\/zlataraimperia.rs\/?post_type=product&#038;p=33023"},"modified":"2026-02-27T12:53:56","modified_gmt":"2026-02-27T12:53:56","slug":"hit-model-verenicki-prsten-sa-dijamantima-2","status":"publish","type":"product","link":"https:\/\/zlataraimperia.rs\/en\/verenicko-prstenje\/hit-model-verenicki-prsten-sa-dijamantima-2\/","title":{"rendered":"HIT MODEL &#8211; Vereni\u010dki prsten sa dijamantima"},"content":{"rendered":"","protected":false},"excerpt":{"rendered":"<p>Vereni\u010dki prsten sa dijamantima od \u017eutog zlata predstavlja savr\u0161en spoj modernog dizajna i luksuza. Ukra\u0161en je <strong data-start=\"236\" data-end=\"275\">velikim brojem blistavih dijamanata<\/strong>, \u0161to ga \u010dini jednim od najtra\u017eenijih modela u ponudi. Idealan je za sve koji \u017eele efektan komad nakita koji privla\u010di pa\u017enju i odi\u0161e presti\u017eom.<\/p>","protected":false},"featured_media":32960,"comment_status":"open","ping_status":"closed","template":"","meta":[],"product_brand":[],"product_cat":[104,138],"product_tag":[],"class_list":{"0":"post-33023","1":"product","2":"type-product","3":"status-publish","4":"has-post-thumbnail","6":"product_cat-verenicko-prstenje","7":"product_cat-prstenje","8":"pa_materijali-zuto-zlato","9":"pa_vrste-kamena-dijamant","11":"first","12":"instock","13":"shipping-taxable","14":"purchasable","15":"product-type-simple"},"_links":{"self":[{"href":"https:\/\/zlataraimperia.rs\/en\/wp-json\/wp\/v2\/product\/33023","targetHints":{"allow":["GET"]}}],"collection":[{"href":"https:\/\/zlataraimperia.rs\/en\/wp-json\/wp\/v2\/product"}],"about":[{"href":"https:\/\/zlataraimperia.rs\/en\/wp-json\/wp\/v2\/types\/product"}],"replies":[{"embeddable":true,"href":"https:\/\/zlataraimperia.rs\/en\/wp-json\/wp\/v2\/comments?post=33023"}],"version-history":[{"count":2,"href":"https:\/\/zlataraimperia.rs\/en\/wp-json\/wp\/v2\/product\/33023\/revisions"}],"predecessor-version":[{"id":33025,"href":"https:\/\/zlataraimperia.rs\/en\/wp-json\/wp\/v2\/product\/33023\/revisions\/33025"}],"wp:featuredmedia":[{"embeddable":true,"href":"https:\/\/zlataraimperia.rs\/en\/wp-json\/wp\/v2\/media\/32960"}],"wp:attachment":[{"href":"https:\/\/zlataraimperia.rs\/en\/wp-json\/wp\/v2\/media?parent=33023"}],"wp:term":[{"taxonomy":"product_brand","embeddable":true,"href":"https:\/\/zlataraimperia.rs\/en\/wp-json\/wp\/v2\/product_brand?post=33023"},{"taxonomy":"product_cat","embeddable":true,"href":"https:\/\/zlataraimperia.rs\/en\/wp-json\/wp\/v2\/product_cat?post=33023"},{"taxonomy":"product_tag","embeddable":true,"href":"https:\/\/zlataraimperia.rs\/en\/wp-json\/wp\/v2\/product_tag?post=33023"}],"curies":[{"name":"wp","href":"https:\/\/api.w.org\/{rel}","templated":true}]}}