{"id":33021,"date":"2025-11-20T21:34:50","date_gmt":"2025-11-20T21:34:50","guid":{"rendered":"https:\/\/zlataraimperia.rs\/?post_type=product&#038;p=33021"},"modified":"2026-02-27T12:55:05","modified_gmt":"2026-02-27T12:55:05","slug":"klasican-verenicki-prsten-sa-dijamantom-2","status":"publish","type":"product","link":"https:\/\/zlataraimperia.rs\/en\/verenicko-prstenje\/klasican-verenicki-prsten-sa-dijamantom-2\/","title":{"rendered":"A classic engagement ring with a diamond"},"content":{"rendered":"","protected":false},"excerpt":{"rendered":"<p>Klasi\u010dan vereni\u010dki prsten sa dijamantom i prelepom krunicom, kreiran od \u017eutog zlata.<\/p>","protected":false},"featured_media":32959,"comment_status":"open","ping_status":"closed","template":"","meta":[],"product_brand":[],"product_cat":[104,138],"product_tag":[],"class_list":{"0":"post-33021","1":"product","2":"type-product","3":"status-publish","4":"has-post-thumbnail","6":"product_cat-verenicko-prstenje","7":"product_cat-prstenje","8":"pa_materijali-zuto-zlato","9":"pa_vrste-kamena-dijamant","11":"first","12":"instock","13":"shipping-taxable","14":"purchasable","15":"product-type-simple"},"_links":{"self":[{"href":"https:\/\/zlataraimperia.rs\/en\/wp-json\/wp\/v2\/product\/33021","targetHints":{"allow":["GET"]}}],"collection":[{"href":"https:\/\/zlataraimperia.rs\/en\/wp-json\/wp\/v2\/product"}],"about":[{"href":"https:\/\/zlataraimperia.rs\/en\/wp-json\/wp\/v2\/types\/product"}],"replies":[{"embeddable":true,"href":"https:\/\/zlataraimperia.rs\/en\/wp-json\/wp\/v2\/comments?post=33021"}],"version-history":[{"count":1,"href":"https:\/\/zlataraimperia.rs\/en\/wp-json\/wp\/v2\/product\/33021\/revisions"}],"predecessor-version":[{"id":33022,"href":"https:\/\/zlataraimperia.rs\/en\/wp-json\/wp\/v2\/product\/33021\/revisions\/33022"}],"wp:featuredmedia":[{"embeddable":true,"href":"https:\/\/zlataraimperia.rs\/en\/wp-json\/wp\/v2\/media\/32959"}],"wp:attachment":[{"href":"https:\/\/zlataraimperia.rs\/en\/wp-json\/wp\/v2\/media?parent=33021"}],"wp:term":[{"taxonomy":"product_brand","embeddable":true,"href":"https:\/\/zlataraimperia.rs\/en\/wp-json\/wp\/v2\/product_brand?post=33021"},{"taxonomy":"product_cat","embeddable":true,"href":"https:\/\/zlataraimperia.rs\/en\/wp-json\/wp\/v2\/product_cat?post=33021"},{"taxonomy":"product_tag","embeddable":true,"href":"https:\/\/zlataraimperia.rs\/en\/wp-json\/wp\/v2\/product_tag?post=33021"}],"curies":[{"name":"wp","href":"https:\/\/api.w.org\/{rel}","templated":true}]}}