{"id":32999,"date":"2025-11-20T12:27:25","date_gmt":"2025-11-20T12:27:25","guid":{"rendered":"https:\/\/zlataraimperia.rs\/?post_type=product&#038;p=32999"},"modified":"2026-02-27T14:29:37","modified_gmt":"2026-02-27T14:29:37","slug":"zlatni-verenicki-prsten-3","status":"publish","type":"product","link":"https:\/\/zlataraimperia.rs\/en\/verenicko-prstenje\/zlatni-verenicki-prsten-3\/","title":{"rendered":"Gold engagement ring"},"content":{"rendered":"","protected":false},"excerpt":{"rendered":"<p>Zlatni vereni\u010dki prsten sa dijamantom. Lep i klasi\u010dan vereni\u010dki prsten.<\/p>","protected":false},"featured_media":32951,"comment_status":"open","ping_status":"closed","template":"","meta":[],"product_brand":[],"product_cat":[104,138],"product_tag":[],"class_list":{"0":"post-32999","1":"product","2":"type-product","3":"status-publish","4":"has-post-thumbnail","6":"product_cat-verenicko-prstenje","7":"product_cat-prstenje","8":"pa_materijali-zuto-zlato","9":"pa_vrste-kamena-dijamant","11":"first","12":"instock","13":"shipping-taxable","14":"purchasable","15":"product-type-simple"},"_links":{"self":[{"href":"https:\/\/zlataraimperia.rs\/en\/wp-json\/wp\/v2\/product\/32999","targetHints":{"allow":["GET"]}}],"collection":[{"href":"https:\/\/zlataraimperia.rs\/en\/wp-json\/wp\/v2\/product"}],"about":[{"href":"https:\/\/zlataraimperia.rs\/en\/wp-json\/wp\/v2\/types\/product"}],"replies":[{"embeddable":true,"href":"https:\/\/zlataraimperia.rs\/en\/wp-json\/wp\/v2\/comments?post=32999"}],"version-history":[{"count":2,"href":"https:\/\/zlataraimperia.rs\/en\/wp-json\/wp\/v2\/product\/32999\/revisions"}],"predecessor-version":[{"id":33001,"href":"https:\/\/zlataraimperia.rs\/en\/wp-json\/wp\/v2\/product\/32999\/revisions\/33001"}],"wp:featuredmedia":[{"embeddable":true,"href":"https:\/\/zlataraimperia.rs\/en\/wp-json\/wp\/v2\/media\/32951"}],"wp:attachment":[{"href":"https:\/\/zlataraimperia.rs\/en\/wp-json\/wp\/v2\/media?parent=32999"}],"wp:term":[{"taxonomy":"product_brand","embeddable":true,"href":"https:\/\/zlataraimperia.rs\/en\/wp-json\/wp\/v2\/product_brand?post=32999"},{"taxonomy":"product_cat","embeddable":true,"href":"https:\/\/zlataraimperia.rs\/en\/wp-json\/wp\/v2\/product_cat?post=32999"},{"taxonomy":"product_tag","embeddable":true,"href":"https:\/\/zlataraimperia.rs\/en\/wp-json\/wp\/v2\/product_tag?post=32999"}],"curies":[{"name":"wp","href":"https:\/\/api.w.org\/{rel}","templated":true}]}}