{"id":32525,"date":"2025-09-22T04:16:37","date_gmt":"2025-09-22T04:16:37","guid":{"rendered":"https:\/\/zlataraimperia.rs\/?post_type=product&#038;p=32525"},"modified":"2026-02-07T18:27:50","modified_gmt":"2026-02-07T18:27:50","slug":"neobican-verenicki-prsten-2","status":"publish","type":"product","link":"https:\/\/zlataraimperia.rs\/en\/verenicko-prstenje\/neobican-verenicki-prsten-2\/","title":{"rendered":"Unusual engagement ring"},"content":{"rendered":"","protected":false},"excerpt":{"rendered":"<p>Neobi\u010dan vereni\u010dki prsten sa divnim detaljima po obodu i po specijalnoj sni\u017eenoj ceni u Zlatari Imperia.<\/p>","protected":false},"featured_media":32526,"comment_status":"open","ping_status":"closed","template":"","meta":[],"product_brand":[],"product_cat":[104,138],"product_tag":[],"class_list":{"0":"post-32525","1":"product","2":"type-product","3":"status-publish","4":"has-post-thumbnail","6":"product_cat-verenicko-prstenje","7":"product_cat-prstenje","8":"pa_materijali-roze-zlato","9":"pa_vrste-kamena-cirkon","11":"first","12":"instock","13":"sale","14":"shipping-taxable","15":"purchasable","16":"product-type-simple"},"_links":{"self":[{"href":"https:\/\/zlataraimperia.rs\/en\/wp-json\/wp\/v2\/product\/32525","targetHints":{"allow":["GET"]}}],"collection":[{"href":"https:\/\/zlataraimperia.rs\/en\/wp-json\/wp\/v2\/product"}],"about":[{"href":"https:\/\/zlataraimperia.rs\/en\/wp-json\/wp\/v2\/types\/product"}],"replies":[{"embeddable":true,"href":"https:\/\/zlataraimperia.rs\/en\/wp-json\/wp\/v2\/comments?post=32525"}],"version-history":[{"count":3,"href":"https:\/\/zlataraimperia.rs\/en\/wp-json\/wp\/v2\/product\/32525\/revisions"}],"predecessor-version":[{"id":32529,"href":"https:\/\/zlataraimperia.rs\/en\/wp-json\/wp\/v2\/product\/32525\/revisions\/32529"}],"wp:featuredmedia":[{"embeddable":true,"href":"https:\/\/zlataraimperia.rs\/en\/wp-json\/wp\/v2\/media\/32526"}],"wp:attachment":[{"href":"https:\/\/zlataraimperia.rs\/en\/wp-json\/wp\/v2\/media?parent=32525"}],"wp:term":[{"taxonomy":"product_brand","embeddable":true,"href":"https:\/\/zlataraimperia.rs\/en\/wp-json\/wp\/v2\/product_brand?post=32525"},{"taxonomy":"product_cat","embeddable":true,"href":"https:\/\/zlataraimperia.rs\/en\/wp-json\/wp\/v2\/product_cat?post=32525"},{"taxonomy":"product_tag","embeddable":true,"href":"https:\/\/zlataraimperia.rs\/en\/wp-json\/wp\/v2\/product_tag?post=32525"}],"curies":[{"name":"wp","href":"https:\/\/api.w.org\/{rel}","templated":true}]}}