{"id":31540,"date":"2025-07-24T08:13:45","date_gmt":"2025-07-24T08:13:45","guid":{"rendered":"https:\/\/zlataraimperia.rs\/shop\/uncategorized\/brilijantski-prsten-od-belog-zlata-678\/"},"modified":"2025-11-27T15:07:58","modified_gmt":"2025-11-27T15:07:58","slug":"brilijantski-prsten-od-belog-zlata-678","status":"publish","type":"product","link":"https:\/\/zlataraimperia.rs\/en\/verenicko-prstenje\/brilijantski-prsten-od-belog-zlata-678\/","title":{"rendered":"White gold diamond ring"},"content":{"rendered":"","protected":false},"excerpt":{"rendered":"<p>Zbog svog oblika, ovaj model svakako je druga\u010diji od ostalih. Brilijant karata\u017ee 0,17 ct u prstenu od belog zlata. Privla\u010dan i prefinjen.<\/p>","protected":false},"featured_media":31542,"comment_status":"closed","ping_status":"closed","template":"","meta":[],"product_brand":[],"product_cat":[104],"product_tag":[],"class_list":{"0":"post-31540","1":"product","2":"type-product","3":"status-publish","4":"has-post-thumbnail","6":"product_cat-verenicko-prstenje","7":"pa_materijali-belo-zlato","8":"pa_vrste-kamena-brilijant","10":"first","11":"instock","12":"purchasable","13":"product-type-simple"},"_links":{"self":[{"href":"https:\/\/zlataraimperia.rs\/en\/wp-json\/wp\/v2\/product\/31540","targetHints":{"allow":["GET"]}}],"collection":[{"href":"https:\/\/zlataraimperia.rs\/en\/wp-json\/wp\/v2\/product"}],"about":[{"href":"https:\/\/zlataraimperia.rs\/en\/wp-json\/wp\/v2\/types\/product"}],"replies":[{"embeddable":true,"href":"https:\/\/zlataraimperia.rs\/en\/wp-json\/wp\/v2\/comments?post=31540"}],"version-history":[{"count":2,"href":"https:\/\/zlataraimperia.rs\/en\/wp-json\/wp\/v2\/product\/31540\/revisions"}],"predecessor-version":[{"id":33116,"href":"https:\/\/zlataraimperia.rs\/en\/wp-json\/wp\/v2\/product\/31540\/revisions\/33116"}],"wp:featuredmedia":[{"embeddable":true,"href":"https:\/\/zlataraimperia.rs\/en\/wp-json\/wp\/v2\/media\/31542"}],"wp:attachment":[{"href":"https:\/\/zlataraimperia.rs\/en\/wp-json\/wp\/v2\/media?parent=31540"}],"wp:term":[{"taxonomy":"product_brand","embeddable":true,"href":"https:\/\/zlataraimperia.rs\/en\/wp-json\/wp\/v2\/product_brand?post=31540"},{"taxonomy":"product_cat","embeddable":true,"href":"https:\/\/zlataraimperia.rs\/en\/wp-json\/wp\/v2\/product_cat?post=31540"},{"taxonomy":"product_tag","embeddable":true,"href":"https:\/\/zlataraimperia.rs\/en\/wp-json\/wp\/v2\/product_tag?post=31540"}],"curies":[{"name":"wp","href":"https:\/\/api.w.org\/{rel}","templated":true}]}}