{"id":31422,"date":"2025-07-24T08:11:16","date_gmt":"2025-07-24T08:11:16","guid":{"rendered":"https:\/\/zlataraimperia.rs\/shop\/uncategorized\/plavi-safir-i-brilijanti-699\/"},"modified":"2026-02-26T13:26:13","modified_gmt":"2026-02-26T13:26:13","slug":"plavi-safir-i-brilijanti-699","status":"publish","type":"product","link":"https:\/\/zlataraimperia.rs\/en\/verenicko-prstenje\/plavi-safir-i-brilijanti-699\/","title":{"rendered":"Blue sapphire and diamonds"},"content":{"rendered":"","protected":false},"excerpt":{"rendered":"<p>Safir se smatra kamenom mira i radosti. Veruje se da onome ko ga nosi donosi snagu, \u010dast i ve\u010dni \u017eivot.<\/p>\n<p>Elegantan i otmen, ovaj model odu\u0161evi\u0107e Va\u0161u izabranicu!<\/p>","protected":false},"featured_media":31424,"comment_status":"closed","ping_status":"closed","template":"","meta":[],"product_brand":[],"product_cat":[104],"product_tag":[],"class_list":{"0":"post-31422","1":"product","2":"type-product","3":"status-publish","4":"has-post-thumbnail","6":"product_cat-verenicko-prstenje","7":"pa_materijali-belo-zlato","8":"pa_vrste-kamena-brilijant","9":"pa_vrste-kamena-kombinacija-kamena","10":"pa_vrste-kamena-plavi-safir","12":"first","13":"instock","14":"purchasable","15":"product-type-simple"},"_links":{"self":[{"href":"https:\/\/zlataraimperia.rs\/en\/wp-json\/wp\/v2\/product\/31422","targetHints":{"allow":["GET"]}}],"collection":[{"href":"https:\/\/zlataraimperia.rs\/en\/wp-json\/wp\/v2\/product"}],"about":[{"href":"https:\/\/zlataraimperia.rs\/en\/wp-json\/wp\/v2\/types\/product"}],"replies":[{"embeddable":true,"href":"https:\/\/zlataraimperia.rs\/en\/wp-json\/wp\/v2\/comments?post=31422"}],"version-history":[{"count":2,"href":"https:\/\/zlataraimperia.rs\/en\/wp-json\/wp\/v2\/product\/31422\/revisions"}],"predecessor-version":[{"id":32606,"href":"https:\/\/zlataraimperia.rs\/en\/wp-json\/wp\/v2\/product\/31422\/revisions\/32606"}],"wp:featuredmedia":[{"embeddable":true,"href":"https:\/\/zlataraimperia.rs\/en\/wp-json\/wp\/v2\/media\/31424"}],"wp:attachment":[{"href":"https:\/\/zlataraimperia.rs\/en\/wp-json\/wp\/v2\/media?parent=31422"}],"wp:term":[{"taxonomy":"product_brand","embeddable":true,"href":"https:\/\/zlataraimperia.rs\/en\/wp-json\/wp\/v2\/product_brand?post=31422"},{"taxonomy":"product_cat","embeddable":true,"href":"https:\/\/zlataraimperia.rs\/en\/wp-json\/wp\/v2\/product_cat?post=31422"},{"taxonomy":"product_tag","embeddable":true,"href":"https:\/\/zlataraimperia.rs\/en\/wp-json\/wp\/v2\/product_tag?post=31422"}],"curies":[{"name":"wp","href":"https:\/\/api.w.org\/{rel}","templated":true}]}}