{"id":31337,"date":"2025-07-24T08:09:26","date_gmt":"2025-07-24T08:09:26","guid":{"rendered":"https:\/\/zlataraimperia.rs\/shop\/uncategorized\/lep-klasican-verenicki-prsten-sa-brilijantom\/"},"modified":"2025-10-10T19:50:41","modified_gmt":"2025-10-10T19:50:41","slug":"lep-klasican-verenicki-prsten-sa-brilijantom","status":"publish","type":"product","link":"https:\/\/zlataraimperia.rs\/en\/verenicko-prstenje\/lep-klasican-verenicki-prsten-sa-brilijantom\/","title":{"rendered":"A beautiful classic diamond engagement ring"},"content":{"rendered":"","protected":false},"excerpt":{"rendered":"<p>Ovaj prsten spada u kategoriju klasi\u010dnog vereni\u010dkog prstenja. Izra\u0111en je od belog zlata i poseduje lep kamen &#8211; brilijant na vrhu.<\/p>","protected":false},"featured_media":31339,"comment_status":"closed","ping_status":"open","template":"","meta":[],"product_brand":[],"product_cat":[104],"product_tag":[],"class_list":{"0":"post-31337","1":"product","2":"type-product","3":"status-publish","4":"has-post-thumbnail","6":"product_cat-verenicko-prstenje","7":"pa_materijali-belo-zlato","8":"pa_vrste-kamena-brilijant","10":"first","11":"instock","12":"purchasable","13":"product-type-simple"},"_links":{"self":[{"href":"https:\/\/zlataraimperia.rs\/en\/wp-json\/wp\/v2\/product\/31337","targetHints":{"allow":["GET"]}}],"collection":[{"href":"https:\/\/zlataraimperia.rs\/en\/wp-json\/wp\/v2\/product"}],"about":[{"href":"https:\/\/zlataraimperia.rs\/en\/wp-json\/wp\/v2\/types\/product"}],"replies":[{"embeddable":true,"href":"https:\/\/zlataraimperia.rs\/en\/wp-json\/wp\/v2\/comments?post=31337"}],"version-history":[{"count":1,"href":"https:\/\/zlataraimperia.rs\/en\/wp-json\/wp\/v2\/product\/31337\/revisions"}],"predecessor-version":[{"id":31338,"href":"https:\/\/zlataraimperia.rs\/en\/wp-json\/wp\/v2\/product\/31337\/revisions\/31338"}],"wp:featuredmedia":[{"embeddable":true,"href":"https:\/\/zlataraimperia.rs\/en\/wp-json\/wp\/v2\/media\/31339"}],"wp:attachment":[{"href":"https:\/\/zlataraimperia.rs\/en\/wp-json\/wp\/v2\/media?parent=31337"}],"wp:term":[{"taxonomy":"product_brand","embeddable":true,"href":"https:\/\/zlataraimperia.rs\/en\/wp-json\/wp\/v2\/product_brand?post=31337"},{"taxonomy":"product_cat","embeddable":true,"href":"https:\/\/zlataraimperia.rs\/en\/wp-json\/wp\/v2\/product_cat?post=31337"},{"taxonomy":"product_tag","embeddable":true,"href":"https:\/\/zlataraimperia.rs\/en\/wp-json\/wp\/v2\/product_tag?post=31337"}],"curies":[{"name":"wp","href":"https:\/\/api.w.org\/{rel}","templated":true}]}}