{"id":31284,"date":"2025-07-24T08:08:11","date_gmt":"2025-07-24T08:08:11","guid":{"rendered":"https:\/\/zlataraimperia.rs\/shop\/uncategorized\/klasican-verenicki-prsten-od-belog-zlata\/"},"modified":"2026-02-07T18:27:48","modified_gmt":"2026-02-07T18:27:48","slug":"klasican-verenicki-prsten-od-belog-zlata","status":"publish","type":"product","link":"https:\/\/zlataraimperia.rs\/en\/verenicko-prstenje\/klasican-verenicki-prsten-od-belog-zlata\/","title":{"rendered":"A classic white gold engagement ring"},"content":{"rendered":"","protected":false},"excerpt":{"rendered":"<p>Klasi\u010dan model vereni\u010dkog prstena od belog zlata. U koliko niste sigurni da li bi Va\u0161a lep\u0161a polovina volela neki neobi\u010dan model i ne \u017eelite da rizikujete, predla\u017eemo vam upravo vereni\u010dki prsten. Sa njim sigurno ne\u0107ete pogre\u0161iti.<\/p>\n<p>Klasika je ve\u010dna!<\/p>","protected":false},"featured_media":31286,"comment_status":"closed","ping_status":"closed","template":"","meta":[],"product_brand":[],"product_cat":[104],"product_tag":[],"class_list":{"0":"post-31284","1":"product","2":"type-product","3":"status-publish","4":"has-post-thumbnail","6":"product_cat-verenicko-prstenje","7":"pa_materijali-belo-zlato","8":"pa_vrste-kamena-cirkon","10":"first","11":"instock","12":"purchasable","13":"product-type-simple"},"_links":{"self":[{"href":"https:\/\/zlataraimperia.rs\/en\/wp-json\/wp\/v2\/product\/31284","targetHints":{"allow":["GET"]}}],"collection":[{"href":"https:\/\/zlataraimperia.rs\/en\/wp-json\/wp\/v2\/product"}],"about":[{"href":"https:\/\/zlataraimperia.rs\/en\/wp-json\/wp\/v2\/types\/product"}],"replies":[{"embeddable":true,"href":"https:\/\/zlataraimperia.rs\/en\/wp-json\/wp\/v2\/comments?post=31284"}],"version-history":[{"count":2,"href":"https:\/\/zlataraimperia.rs\/en\/wp-json\/wp\/v2\/product\/31284\/revisions"}],"predecessor-version":[{"id":33114,"href":"https:\/\/zlataraimperia.rs\/en\/wp-json\/wp\/v2\/product\/31284\/revisions\/33114"}],"wp:featuredmedia":[{"embeddable":true,"href":"https:\/\/zlataraimperia.rs\/en\/wp-json\/wp\/v2\/media\/31286"}],"wp:attachment":[{"href":"https:\/\/zlataraimperia.rs\/en\/wp-json\/wp\/v2\/media?parent=31284"}],"wp:term":[{"taxonomy":"product_brand","embeddable":true,"href":"https:\/\/zlataraimperia.rs\/en\/wp-json\/wp\/v2\/product_brand?post=31284"},{"taxonomy":"product_cat","embeddable":true,"href":"https:\/\/zlataraimperia.rs\/en\/wp-json\/wp\/v2\/product_cat?post=31284"},{"taxonomy":"product_tag","embeddable":true,"href":"https:\/\/zlataraimperia.rs\/en\/wp-json\/wp\/v2\/product_tag?post=31284"}],"curies":[{"name":"wp","href":"https:\/\/api.w.org\/{rel}","templated":true}]}}