{"id":31238,"date":"2025-07-24T08:06:53","date_gmt":"2025-07-24T08:06:53","guid":{"rendered":"https:\/\/zlataraimperia.rs\/shop\/uncategorized\/neobicni-verenicki-prsten-od-belog-zlata-sa-brilijantom\/"},"modified":"2025-10-10T19:50:40","modified_gmt":"2025-10-10T19:50:40","slug":"neobicni-verenicki-prsten-od-belog-zlata-sa-brilijantom","status":"publish","type":"product","link":"https:\/\/zlataraimperia.rs\/en\/verenicko-prstenje\/neobicni-verenicki-prsten-od-belog-zlata-sa-brilijantom\/","title":{"rendered":"An unusual engagement ring in white gold with a diamond"},"content":{"rendered":"","protected":false},"excerpt":{"rendered":"<p>Jedan od lep\u0161ih primeraka vereni\u010dkog prstenja. Lep uvijeni spiralni oblik vereni\u010dkog prstena od belog zlata nad kojim dominira njegovo viso\u010danstvo birlijant.<\/p>","protected":false},"featured_media":31240,"comment_status":"closed","ping_status":"open","template":"","meta":[],"product_brand":[],"product_cat":[104],"product_tag":[],"class_list":{"0":"post-31238","1":"product","2":"type-product","3":"status-publish","4":"has-post-thumbnail","6":"product_cat-verenicko-prstenje","7":"pa_materijali-belo-zlato","8":"pa_vrste-kamena-brilijant","10":"first","11":"instock","12":"purchasable","13":"product-type-simple"},"_links":{"self":[{"href":"https:\/\/zlataraimperia.rs\/en\/wp-json\/wp\/v2\/product\/31238","targetHints":{"allow":["GET"]}}],"collection":[{"href":"https:\/\/zlataraimperia.rs\/en\/wp-json\/wp\/v2\/product"}],"about":[{"href":"https:\/\/zlataraimperia.rs\/en\/wp-json\/wp\/v2\/types\/product"}],"replies":[{"embeddable":true,"href":"https:\/\/zlataraimperia.rs\/en\/wp-json\/wp\/v2\/comments?post=31238"}],"version-history":[{"count":1,"href":"https:\/\/zlataraimperia.rs\/en\/wp-json\/wp\/v2\/product\/31238\/revisions"}],"predecessor-version":[{"id":31239,"href":"https:\/\/zlataraimperia.rs\/en\/wp-json\/wp\/v2\/product\/31238\/revisions\/31239"}],"wp:featuredmedia":[{"embeddable":true,"href":"https:\/\/zlataraimperia.rs\/en\/wp-json\/wp\/v2\/media\/31240"}],"wp:attachment":[{"href":"https:\/\/zlataraimperia.rs\/en\/wp-json\/wp\/v2\/media?parent=31238"}],"wp:term":[{"taxonomy":"product_brand","embeddable":true,"href":"https:\/\/zlataraimperia.rs\/en\/wp-json\/wp\/v2\/product_brand?post=31238"},{"taxonomy":"product_cat","embeddable":true,"href":"https:\/\/zlataraimperia.rs\/en\/wp-json\/wp\/v2\/product_cat?post=31238"},{"taxonomy":"product_tag","embeddable":true,"href":"https:\/\/zlataraimperia.rs\/en\/wp-json\/wp\/v2\/product_tag?post=31238"}],"curies":[{"name":"wp","href":"https:\/\/api.w.org\/{rel}","templated":true}]}}