{"id":31235,"date":"2025-07-24T08:06:53","date_gmt":"2025-07-24T08:06:53","guid":{"rendered":"https:\/\/zlataraimperia.rs\/shop\/uncategorized\/luksuzno-prsten-od-belog-zlata-sa-brilijantima\/"},"modified":"2025-10-10T19:50:40","modified_gmt":"2025-10-10T19:50:40","slug":"luksuzno-prsten-od-belog-zlata-sa-brilijantima","status":"publish","type":"product","link":"https:\/\/zlataraimperia.rs\/en\/verenicko-prstenje\/luksuzno-prsten-od-belog-zlata-sa-brilijantima\/","title":{"rendered":"LUXURIOUS \u2013 White gold ring with diamonds"},"content":{"rendered":"","protected":false},"excerpt":{"rendered":"<p>Ru\u017ea od dragog kamenja preto\u010dena u jedan nose\u0107i veliki brilijant sa nizom manjih oko njega. Neko bi rekao klasi\u010dan dizajn, mi ka\u017eemo \u010dista ekskluziva i luksuz za njeno DA.<\/p>","protected":false},"featured_media":31237,"comment_status":"closed","ping_status":"open","template":"","meta":[],"product_brand":[],"product_cat":[104],"product_tag":[],"class_list":{"0":"post-31235","1":"product","2":"type-product","3":"status-publish","4":"has-post-thumbnail","6":"product_cat-verenicko-prstenje","7":"pa_materijali-belo-zlato","8":"pa_vrste-kamena-brilijant","10":"first","11":"instock","12":"purchasable","13":"product-type-simple"},"_links":{"self":[{"href":"https:\/\/zlataraimperia.rs\/en\/wp-json\/wp\/v2\/product\/31235","targetHints":{"allow":["GET"]}}],"collection":[{"href":"https:\/\/zlataraimperia.rs\/en\/wp-json\/wp\/v2\/product"}],"about":[{"href":"https:\/\/zlataraimperia.rs\/en\/wp-json\/wp\/v2\/types\/product"}],"replies":[{"embeddable":true,"href":"https:\/\/zlataraimperia.rs\/en\/wp-json\/wp\/v2\/comments?post=31235"}],"version-history":[{"count":1,"href":"https:\/\/zlataraimperia.rs\/en\/wp-json\/wp\/v2\/product\/31235\/revisions"}],"predecessor-version":[{"id":31236,"href":"https:\/\/zlataraimperia.rs\/en\/wp-json\/wp\/v2\/product\/31235\/revisions\/31236"}],"wp:featuredmedia":[{"embeddable":true,"href":"https:\/\/zlataraimperia.rs\/en\/wp-json\/wp\/v2\/media\/31237"}],"wp:attachment":[{"href":"https:\/\/zlataraimperia.rs\/en\/wp-json\/wp\/v2\/media?parent=31235"}],"wp:term":[{"taxonomy":"product_brand","embeddable":true,"href":"https:\/\/zlataraimperia.rs\/en\/wp-json\/wp\/v2\/product_brand?post=31235"},{"taxonomy":"product_cat","embeddable":true,"href":"https:\/\/zlataraimperia.rs\/en\/wp-json\/wp\/v2\/product_cat?post=31235"},{"taxonomy":"product_tag","embeddable":true,"href":"https:\/\/zlataraimperia.rs\/en\/wp-json\/wp\/v2\/product_tag?post=31235"}],"curies":[{"name":"wp","href":"https:\/\/api.w.org\/{rel}","templated":true}]}}