{"id":31226,"date":"2025-07-24T08:06:53","date_gmt":"2025-07-24T08:06:53","guid":{"rendered":"https:\/\/zlataraimperia.rs\/shop\/uncategorized\/ekskluzivni-verenicki-prsten-sa-11-brilijanata\/"},"modified":"2025-10-10T19:50:40","modified_gmt":"2025-10-10T19:50:40","slug":"ekskluzivni-verenicki-prsten-sa-11-brilijanata","status":"publish","type":"product","link":"https:\/\/zlataraimperia.rs\/en\/verenicko-prstenje\/ekskluzivni-verenicki-prsten-sa-11-brilijanata\/","title":{"rendered":"EXCLUSIVE engagement ring with 11 diamonds"},"content":{"rendered":"","protected":false},"excerpt":{"rendered":"<p>Ako bismo \u017eeleli da preto\u010dimo savr\u0161enstvo u formu vereni\u010dkog prstena onda bi to bio ovaj model. Za one koji znaju \u0161ta ho\u0107e i kako to da postignu. Jedinstvenih jedanaest brilijanata na prstenu od belog zlata ostavi\u0107e je bez daha. Bukvalno.&nbsp;<\/p>","protected":false},"featured_media":31228,"comment_status":"closed","ping_status":"open","template":"","meta":[],"product_brand":[],"product_cat":[104],"product_tag":[],"class_list":{"0":"post-31226","1":"product","2":"type-product","3":"status-publish","4":"has-post-thumbnail","6":"product_cat-verenicko-prstenje","7":"pa_materijali-belo-zlato","8":"pa_vrste-kamena-brilijant","10":"first","11":"instock","12":"purchasable","13":"product-type-simple"},"_links":{"self":[{"href":"https:\/\/zlataraimperia.rs\/en\/wp-json\/wp\/v2\/product\/31226","targetHints":{"allow":["GET"]}}],"collection":[{"href":"https:\/\/zlataraimperia.rs\/en\/wp-json\/wp\/v2\/product"}],"about":[{"href":"https:\/\/zlataraimperia.rs\/en\/wp-json\/wp\/v2\/types\/product"}],"replies":[{"embeddable":true,"href":"https:\/\/zlataraimperia.rs\/en\/wp-json\/wp\/v2\/comments?post=31226"}],"version-history":[{"count":1,"href":"https:\/\/zlataraimperia.rs\/en\/wp-json\/wp\/v2\/product\/31226\/revisions"}],"predecessor-version":[{"id":31227,"href":"https:\/\/zlataraimperia.rs\/en\/wp-json\/wp\/v2\/product\/31226\/revisions\/31227"}],"wp:featuredmedia":[{"embeddable":true,"href":"https:\/\/zlataraimperia.rs\/en\/wp-json\/wp\/v2\/media\/31228"}],"wp:attachment":[{"href":"https:\/\/zlataraimperia.rs\/en\/wp-json\/wp\/v2\/media?parent=31226"}],"wp:term":[{"taxonomy":"product_brand","embeddable":true,"href":"https:\/\/zlataraimperia.rs\/en\/wp-json\/wp\/v2\/product_brand?post=31226"},{"taxonomy":"product_cat","embeddable":true,"href":"https:\/\/zlataraimperia.rs\/en\/wp-json\/wp\/v2\/product_cat?post=31226"},{"taxonomy":"product_tag","embeddable":true,"href":"https:\/\/zlataraimperia.rs\/en\/wp-json\/wp\/v2\/product_tag?post=31226"}],"curies":[{"name":"wp","href":"https:\/\/api.w.org\/{rel}","templated":true}]}}