{"id":31180,"date":"2025-07-24T08:06:53","date_gmt":"2025-07-24T08:06:53","guid":{"rendered":"https:\/\/zlataraimperia.rs\/shop\/uncategorized\/prsten-sa-pink-safirom-i-brilijantima\/"},"modified":"2025-11-27T13:29:56","modified_gmt":"2025-11-27T13:29:56","slug":"prsten-sa-pink-safirom-i-brilijantima","status":"publish","type":"product","link":"https:\/\/zlataraimperia.rs\/en\/verenicko-prstenje\/prsten-sa-pink-safirom-i-brilijantima\/","title":{"rendered":"Ring with pink sapphire and diamonds"},"content":{"rendered":"","protected":false},"excerpt":{"rendered":"<p>Prsten od belog zlata sa dominantnim pink safirom i dva brilijanta.<\/p>\n<p>Ovaj prsten mo\u017eete kupiti i u kompletu sa min\u0111u\u0161ama i ogrlicom <a href=\"https:\/\/zlataraimperia.rs\/en\/jewelry-sets\/komplet-nakita-sa-pink-safirom-i-brilijantima\/\"><u>HERE<\/u><\/a>.<\/p>","protected":false},"featured_media":31182,"comment_status":"closed","ping_status":"closed","template":"","meta":[],"product_brand":[],"product_cat":[104],"product_tag":[],"class_list":{"0":"post-31180","1":"product","2":"type-product","3":"status-publish","4":"has-post-thumbnail","6":"product_cat-verenicko-prstenje","7":"pa_materijali-belo-zlato","8":"pa_vrste-kamena-brilijant","9":"pa_vrste-kamena-kombinacija-kamena","10":"pa_vrste-kamena-pink-safir","12":"first","13":"instock","14":"purchasable","15":"product-type-simple"},"_links":{"self":[{"href":"https:\/\/zlataraimperia.rs\/en\/wp-json\/wp\/v2\/product\/31180","targetHints":{"allow":["GET"]}}],"collection":[{"href":"https:\/\/zlataraimperia.rs\/en\/wp-json\/wp\/v2\/product"}],"about":[{"href":"https:\/\/zlataraimperia.rs\/en\/wp-json\/wp\/v2\/types\/product"}],"replies":[{"embeddable":true,"href":"https:\/\/zlataraimperia.rs\/en\/wp-json\/wp\/v2\/comments?post=31180"}],"version-history":[{"count":2,"href":"https:\/\/zlataraimperia.rs\/en\/wp-json\/wp\/v2\/product\/31180\/revisions"}],"predecessor-version":[{"id":33115,"href":"https:\/\/zlataraimperia.rs\/en\/wp-json\/wp\/v2\/product\/31180\/revisions\/33115"}],"wp:featuredmedia":[{"embeddable":true,"href":"https:\/\/zlataraimperia.rs\/en\/wp-json\/wp\/v2\/media\/31182"}],"wp:attachment":[{"href":"https:\/\/zlataraimperia.rs\/en\/wp-json\/wp\/v2\/media?parent=31180"}],"wp:term":[{"taxonomy":"product_brand","embeddable":true,"href":"https:\/\/zlataraimperia.rs\/en\/wp-json\/wp\/v2\/product_brand?post=31180"},{"taxonomy":"product_cat","embeddable":true,"href":"https:\/\/zlataraimperia.rs\/en\/wp-json\/wp\/v2\/product_cat?post=31180"},{"taxonomy":"product_tag","embeddable":true,"href":"https:\/\/zlataraimperia.rs\/en\/wp-json\/wp\/v2\/product_tag?post=31180"}],"curies":[{"name":"wp","href":"https:\/\/api.w.org\/{rel}","templated":true}]}}