{"id":31147,"date":"2025-07-24T08:05:34","date_gmt":"2025-07-24T08:05:34","guid":{"rendered":"https:\/\/zlataraimperia.rs\/shop\/uncategorized\/prsten-sa-akvamarinom\/"},"modified":"2026-02-26T12:46:53","modified_gmt":"2026-02-26T12:46:53","slug":"prsten-sa-akvamarinom","status":"publish","type":"product","link":"https:\/\/zlataraimperia.rs\/en\/verenicko-prstenje\/prsten-sa-akvamarinom\/","title":{"rendered":"Ring with aquamarine"},"content":{"rendered":"","protected":false},"excerpt":{"rendered":"<p>Prsten od belog zlata sa akvamarinom. Po predanju za akvamarin se veruje da je blago morskih sirena, a ka\u017ee se i da je kamen prosve\u0107enosti, duhovne svesnosti i sposobnosti.<\/p>\n<p>Ovaj prsten mo\u017ee se kupiti i u kompletu sa min\u0111u\u0161ama i ogrlicom istog dizajna u na\u0161oj kategoriji <u><a href=\"https:\/\/zlataraimperia.rs\/en\/jewelry-sets\/akvamarin-komplet-nakita-od-belog-zlata\/\">jewelry sets<\/a><\/u> .<\/p>","protected":false},"featured_media":31149,"comment_status":"closed","ping_status":"closed","template":"","meta":[],"product_brand":[],"product_cat":[104],"product_tag":[],"class_list":{"0":"post-31147","1":"product","2":"type-product","3":"status-publish","4":"has-post-thumbnail","6":"product_cat-verenicko-prstenje","7":"pa_materijali-belo-zlato","8":"pa_vrste-kamena-akvamarin","10":"first","11":"instock","12":"purchasable","13":"product-type-simple"},"_links":{"self":[{"href":"https:\/\/zlataraimperia.rs\/en\/wp-json\/wp\/v2\/product\/31147","targetHints":{"allow":["GET"]}}],"collection":[{"href":"https:\/\/zlataraimperia.rs\/en\/wp-json\/wp\/v2\/product"}],"about":[{"href":"https:\/\/zlataraimperia.rs\/en\/wp-json\/wp\/v2\/types\/product"}],"replies":[{"embeddable":true,"href":"https:\/\/zlataraimperia.rs\/en\/wp-json\/wp\/v2\/comments?post=31147"}],"version-history":[{"count":2,"href":"https:\/\/zlataraimperia.rs\/en\/wp-json\/wp\/v2\/product\/31147\/revisions"}],"predecessor-version":[{"id":32616,"href":"https:\/\/zlataraimperia.rs\/en\/wp-json\/wp\/v2\/product\/31147\/revisions\/32616"}],"wp:featuredmedia":[{"embeddable":true,"href":"https:\/\/zlataraimperia.rs\/en\/wp-json\/wp\/v2\/media\/31149"}],"wp:attachment":[{"href":"https:\/\/zlataraimperia.rs\/en\/wp-json\/wp\/v2\/media?parent=31147"}],"wp:term":[{"taxonomy":"product_brand","embeddable":true,"href":"https:\/\/zlataraimperia.rs\/en\/wp-json\/wp\/v2\/product_brand?post=31147"},{"taxonomy":"product_cat","embeddable":true,"href":"https:\/\/zlataraimperia.rs\/en\/wp-json\/wp\/v2\/product_cat?post=31147"},{"taxonomy":"product_tag","embeddable":true,"href":"https:\/\/zlataraimperia.rs\/en\/wp-json\/wp\/v2\/product_tag?post=31147"}],"curies":[{"name":"wp","href":"https:\/\/api.w.org\/{rel}","templated":true}]}}