{"id":31128,"date":"2025-07-24T08:05:34","date_gmt":"2025-07-24T08:05:34","guid":{"rendered":"https:\/\/zlataraimperia.rs\/shop\/uncategorized\/brilijantski-prsten-od-belog-zlata-1199\/"},"modified":"2025-10-10T19:50:38","modified_gmt":"2025-10-10T19:50:38","slug":"brilijantski-prsten-od-belog-zlata-1199","status":"publish","type":"product","link":"https:\/\/zlataraimperia.rs\/en\/verenicko-prstenje\/brilijantski-prsten-od-belog-zlata-1199\/","title":{"rendered":"White gold diamond ring"},"content":{"rendered":"","protected":false},"excerpt":{"rendered":"<p>Neka joj ovaj prsten ulep\u0161a \u010ditav \u017eivot, ne samo dan!<\/p>","protected":false},"featured_media":31130,"comment_status":"closed","ping_status":"open","template":"","meta":[],"product_brand":[],"product_cat":[104],"product_tag":[],"class_list":{"0":"post-31128","1":"product","2":"type-product","3":"status-publish","4":"has-post-thumbnail","6":"product_cat-verenicko-prstenje","7":"pa_materijali-belo-zlato","8":"pa_vrste-kamena-brilijant","10":"first","11":"instock","12":"purchasable","13":"product-type-simple"},"_links":{"self":[{"href":"https:\/\/zlataraimperia.rs\/en\/wp-json\/wp\/v2\/product\/31128","targetHints":{"allow":["GET"]}}],"collection":[{"href":"https:\/\/zlataraimperia.rs\/en\/wp-json\/wp\/v2\/product"}],"about":[{"href":"https:\/\/zlataraimperia.rs\/en\/wp-json\/wp\/v2\/types\/product"}],"replies":[{"embeddable":true,"href":"https:\/\/zlataraimperia.rs\/en\/wp-json\/wp\/v2\/comments?post=31128"}],"version-history":[{"count":1,"href":"https:\/\/zlataraimperia.rs\/en\/wp-json\/wp\/v2\/product\/31128\/revisions"}],"predecessor-version":[{"id":31129,"href":"https:\/\/zlataraimperia.rs\/en\/wp-json\/wp\/v2\/product\/31128\/revisions\/31129"}],"wp:featuredmedia":[{"embeddable":true,"href":"https:\/\/zlataraimperia.rs\/en\/wp-json\/wp\/v2\/media\/31130"}],"wp:attachment":[{"href":"https:\/\/zlataraimperia.rs\/en\/wp-json\/wp\/v2\/media?parent=31128"}],"wp:term":[{"taxonomy":"product_brand","embeddable":true,"href":"https:\/\/zlataraimperia.rs\/en\/wp-json\/wp\/v2\/product_brand?post=31128"},{"taxonomy":"product_cat","embeddable":true,"href":"https:\/\/zlataraimperia.rs\/en\/wp-json\/wp\/v2\/product_cat?post=31128"},{"taxonomy":"product_tag","embeddable":true,"href":"https:\/\/zlataraimperia.rs\/en\/wp-json\/wp\/v2\/product_tag?post=31128"}],"curies":[{"name":"wp","href":"https:\/\/api.w.org\/{rel}","templated":true}]}}