{"id":30914,"date":"2025-07-24T08:01:37","date_gmt":"2025-07-24T08:01:37","guid":{"rendered":"https:\/\/zlataraimperia.rs\/shop\/uncategorized\/hit-cena-verenicki-prsten-od-belog-zlata-sa-brilijantima\/"},"modified":"2025-10-10T19:50:35","modified_gmt":"2025-10-10T19:50:35","slug":"hit-cena-verenicki-prsten-od-belog-zlata-sa-brilijantima","status":"publish","type":"product","link":"https:\/\/zlataraimperia.rs\/en\/verenicko-prstenje\/hit-cena-verenicki-prsten-od-belog-zlata-sa-brilijantima\/","title":{"rendered":"HIT CENA &#8211; Vereni\u010dki prsten od belog zlata sa brilijantima"},"content":{"rendered":"","protected":false},"excerpt":{"rendered":"<p>Vereni\u010dki prsten od belog zlata sa brilijantima po fenomenalnoj sni\u017eenoj ceni \u010dini veoma pristupa\u010dan luksuzan izbor za Va\u0161e iznena\u0111enje.<\/p>","protected":false},"featured_media":30916,"comment_status":"closed","ping_status":"open","template":"","meta":[],"product_brand":[],"product_cat":[104],"product_tag":[],"class_list":{"0":"post-30914","1":"product","2":"type-product","3":"status-publish","4":"has-post-thumbnail","6":"product_cat-verenicko-prstenje","7":"pa_materijali-belo-zlato","8":"pa_vrste-kamena-brilijant","10":"first","11":"instock","12":"purchasable","13":"product-type-simple"},"_links":{"self":[{"href":"https:\/\/zlataraimperia.rs\/en\/wp-json\/wp\/v2\/product\/30914","targetHints":{"allow":["GET"]}}],"collection":[{"href":"https:\/\/zlataraimperia.rs\/en\/wp-json\/wp\/v2\/product"}],"about":[{"href":"https:\/\/zlataraimperia.rs\/en\/wp-json\/wp\/v2\/types\/product"}],"replies":[{"embeddable":true,"href":"https:\/\/zlataraimperia.rs\/en\/wp-json\/wp\/v2\/comments?post=30914"}],"version-history":[{"count":1,"href":"https:\/\/zlataraimperia.rs\/en\/wp-json\/wp\/v2\/product\/30914\/revisions"}],"predecessor-version":[{"id":30915,"href":"https:\/\/zlataraimperia.rs\/en\/wp-json\/wp\/v2\/product\/30914\/revisions\/30915"}],"wp:featuredmedia":[{"embeddable":true,"href":"https:\/\/zlataraimperia.rs\/en\/wp-json\/wp\/v2\/media\/30916"}],"wp:attachment":[{"href":"https:\/\/zlataraimperia.rs\/en\/wp-json\/wp\/v2\/media?parent=30914"}],"wp:term":[{"taxonomy":"product_brand","embeddable":true,"href":"https:\/\/zlataraimperia.rs\/en\/wp-json\/wp\/v2\/product_brand?post=30914"},{"taxonomy":"product_cat","embeddable":true,"href":"https:\/\/zlataraimperia.rs\/en\/wp-json\/wp\/v2\/product_cat?post=30914"},{"taxonomy":"product_tag","embeddable":true,"href":"https:\/\/zlataraimperia.rs\/en\/wp-json\/wp\/v2\/product_tag?post=30914"}],"curies":[{"name":"wp","href":"https:\/\/api.w.org\/{rel}","templated":true}]}}