{"id":30836,"date":"2025-07-24T08:00:40","date_gmt":"2025-07-24T08:00:40","guid":{"rendered":"https:\/\/zlataraimperia.rs\/shop\/uncategorized\/totalno-ekskluzivno-verenicki-prsten-sa-safirima\/"},"modified":"2026-02-26T12:57:07","modified_gmt":"2026-02-26T12:57:07","slug":"totalno-ekskluzivno-verenicki-prsten-sa-safirima","status":"publish","type":"product","link":"https:\/\/zlataraimperia.rs\/en\/verenicko-prstenje\/totalno-ekskluzivno-verenicki-prsten-sa-safirima\/","title":{"rendered":"TOTALNO EKSKLUZIVNO &#8211; Vereni\u010dki prsten sa safirima"},"content":{"rendered":"","protected":false},"excerpt":{"rendered":"<p>Ovaj ekskluzivni i redak vereni\u010dki prsten izra\u0111en od belog zlata osmi\u0161ljen je da simbolizuje jedinstvenu ljubav i eleganciju. \u010cak sedam safira nalazi se na njegovom centralnom delu i daje mu sofisticiran i romanti\u010dan izgled. Savr\u0161en spoj luksuza i emocije, idealan je izbor za nezaboravan trenutak prosidbe.<\/p>","protected":false},"featured_media":30838,"comment_status":"closed","ping_status":"closed","template":"","meta":[],"product_brand":[],"product_cat":[104],"product_tag":[],"class_list":{"0":"post-30836","1":"product","2":"type-product","3":"status-publish","4":"has-post-thumbnail","6":"product_cat-verenicko-prstenje","7":"pa_materijali-belo-zlato","8":"pa_vrste-kamena-pink-safir","10":"first","11":"instock","12":"purchasable","13":"product-type-simple"},"_links":{"self":[{"href":"https:\/\/zlataraimperia.rs\/en\/wp-json\/wp\/v2\/product\/30836","targetHints":{"allow":["GET"]}}],"collection":[{"href":"https:\/\/zlataraimperia.rs\/en\/wp-json\/wp\/v2\/product"}],"about":[{"href":"https:\/\/zlataraimperia.rs\/en\/wp-json\/wp\/v2\/types\/product"}],"replies":[{"embeddable":true,"href":"https:\/\/zlataraimperia.rs\/en\/wp-json\/wp\/v2\/comments?post=30836"}],"version-history":[{"count":1,"href":"https:\/\/zlataraimperia.rs\/en\/wp-json\/wp\/v2\/product\/30836\/revisions"}],"predecessor-version":[{"id":30837,"href":"https:\/\/zlataraimperia.rs\/en\/wp-json\/wp\/v2\/product\/30836\/revisions\/30837"}],"wp:featuredmedia":[{"embeddable":true,"href":"https:\/\/zlataraimperia.rs\/en\/wp-json\/wp\/v2\/media\/30838"}],"wp:attachment":[{"href":"https:\/\/zlataraimperia.rs\/en\/wp-json\/wp\/v2\/media?parent=30836"}],"wp:term":[{"taxonomy":"product_brand","embeddable":true,"href":"https:\/\/zlataraimperia.rs\/en\/wp-json\/wp\/v2\/product_brand?post=30836"},{"taxonomy":"product_cat","embeddable":true,"href":"https:\/\/zlataraimperia.rs\/en\/wp-json\/wp\/v2\/product_cat?post=30836"},{"taxonomy":"product_tag","embeddable":true,"href":"https:\/\/zlataraimperia.rs\/en\/wp-json\/wp\/v2\/product_tag?post=30836"}],"curies":[{"name":"wp","href":"https:\/\/api.w.org\/{rel}","templated":true}]}}