{"id":30782,"date":"2025-07-24T07:59:42","date_gmt":"2025-07-24T07:59:42","guid":{"rendered":"https:\/\/zlataraimperia.rs\/shop\/uncategorized\/top-dizajn-verenicki-prsten-sa-dijamantima\/"},"modified":"2025-11-08T13:29:33","modified_gmt":"2025-11-08T13:29:33","slug":"top-dizajn-verenicki-prsten-sa-dijamantima","status":"publish","type":"product","link":"https:\/\/zlataraimperia.rs\/en\/verenicko-prstenje\/top-dizajn-verenicki-prsten-sa-dijamantima\/","title":{"rendered":"TOP DIZAJN &#8211; Vereni\u010dki prsten sa dijamantima"},"content":{"rendered":"","protected":false},"excerpt":{"rendered":"<p>Vereni\u010dki prsten od belog zlata sa dijamantima. Odlikuje ga neobi\u010dan i nesvakida\u0161nji dizajn koji privla\u010di pa\u017enju.<\/p>","protected":false},"featured_media":30784,"comment_status":"closed","ping_status":"closed","template":"","meta":[],"product_brand":[],"product_cat":[104],"product_tag":[],"class_list":{"0":"post-30782","1":"product","2":"type-product","3":"status-publish","4":"has-post-thumbnail","6":"product_cat-verenicko-prstenje","7":"pa_materijali-belo-zlato","8":"pa_vrste-kamena-dijamant","10":"first","11":"instock","12":"purchasable","13":"product-type-simple"},"_links":{"self":[{"href":"https:\/\/zlataraimperia.rs\/en\/wp-json\/wp\/v2\/product\/30782","targetHints":{"allow":["GET"]}}],"collection":[{"href":"https:\/\/zlataraimperia.rs\/en\/wp-json\/wp\/v2\/product"}],"about":[{"href":"https:\/\/zlataraimperia.rs\/en\/wp-json\/wp\/v2\/types\/product"}],"replies":[{"embeddable":true,"href":"https:\/\/zlataraimperia.rs\/en\/wp-json\/wp\/v2\/comments?post=30782"}],"version-history":[{"count":1,"href":"https:\/\/zlataraimperia.rs\/en\/wp-json\/wp\/v2\/product\/30782\/revisions"}],"predecessor-version":[{"id":30783,"href":"https:\/\/zlataraimperia.rs\/en\/wp-json\/wp\/v2\/product\/30782\/revisions\/30783"}],"wp:featuredmedia":[{"embeddable":true,"href":"https:\/\/zlataraimperia.rs\/en\/wp-json\/wp\/v2\/media\/30784"}],"wp:attachment":[{"href":"https:\/\/zlataraimperia.rs\/en\/wp-json\/wp\/v2\/media?parent=30782"}],"wp:term":[{"taxonomy":"product_brand","embeddable":true,"href":"https:\/\/zlataraimperia.rs\/en\/wp-json\/wp\/v2\/product_brand?post=30782"},{"taxonomy":"product_cat","embeddable":true,"href":"https:\/\/zlataraimperia.rs\/en\/wp-json\/wp\/v2\/product_cat?post=30782"},{"taxonomy":"product_tag","embeddable":true,"href":"https:\/\/zlataraimperia.rs\/en\/wp-json\/wp\/v2\/product_tag?post=30782"}],"curies":[{"name":"wp","href":"https:\/\/api.w.org\/{rel}","templated":true}]}}