{"id":30477,"date":"2025-07-24T07:55:22","date_gmt":"2025-07-24T07:55:22","guid":{"rendered":"https:\/\/zlataraimperia.rs\/shop\/uncategorized\/prsten-od-belog-zlata-1544\/"},"modified":"2026-02-07T18:22:32","modified_gmt":"2026-02-07T18:22:32","slug":"prsten-od-belog-zlata-1544","status":"publish","type":"product","link":"https:\/\/zlataraimperia.rs\/en\/prstenje\/prsten-od-belog-zlata-1544\/","title":{"rendered":"White gold ring"},"content":{"rendered":"","protected":false},"excerpt":{"rendered":"<p>Prsten od belog zlata kreiran od vi\u0161e razli\u010ditih i u celinu me\u0111usobno spojenih zlatnih alki.<\/p>","protected":false},"featured_media":30479,"comment_status":"closed","ping_status":"closed","template":"","meta":[],"product_brand":[],"product_cat":[138],"product_tag":[],"class_list":{"0":"post-30477","1":"product","2":"type-product","3":"status-publish","4":"has-post-thumbnail","6":"product_cat-prstenje","7":"pa_materijali-belo-zlato","8":"pa_vrste-kamena-bez-kamena","10":"first","11":"instock","12":"purchasable","13":"product-type-simple"},"_links":{"self":[{"href":"https:\/\/zlataraimperia.rs\/en\/wp-json\/wp\/v2\/product\/30477","targetHints":{"allow":["GET"]}}],"collection":[{"href":"https:\/\/zlataraimperia.rs\/en\/wp-json\/wp\/v2\/product"}],"about":[{"href":"https:\/\/zlataraimperia.rs\/en\/wp-json\/wp\/v2\/types\/product"}],"replies":[{"embeddable":true,"href":"https:\/\/zlataraimperia.rs\/en\/wp-json\/wp\/v2\/comments?post=30477"}],"version-history":[{"count":1,"href":"https:\/\/zlataraimperia.rs\/en\/wp-json\/wp\/v2\/product\/30477\/revisions"}],"predecessor-version":[{"id":30478,"href":"https:\/\/zlataraimperia.rs\/en\/wp-json\/wp\/v2\/product\/30477\/revisions\/30478"}],"wp:featuredmedia":[{"embeddable":true,"href":"https:\/\/zlataraimperia.rs\/en\/wp-json\/wp\/v2\/media\/30479"}],"wp:attachment":[{"href":"https:\/\/zlataraimperia.rs\/en\/wp-json\/wp\/v2\/media?parent=30477"}],"wp:term":[{"taxonomy":"product_brand","embeddable":true,"href":"https:\/\/zlataraimperia.rs\/en\/wp-json\/wp\/v2\/product_brand?post=30477"},{"taxonomy":"product_cat","embeddable":true,"href":"https:\/\/zlataraimperia.rs\/en\/wp-json\/wp\/v2\/product_cat?post=30477"},{"taxonomy":"product_tag","embeddable":true,"href":"https:\/\/zlataraimperia.rs\/en\/wp-json\/wp\/v2\/product_tag?post=30477"}],"curies":[{"name":"wp","href":"https:\/\/api.w.org\/{rel}","templated":true}]}}