{"id":30175,"date":"2025-07-24T07:50:44","date_gmt":"2025-07-24T07:50:44","guid":{"rendered":"https:\/\/zlataraimperia.rs\/shop\/uncategorized\/zlatni-privezak-sa-cirkonom\/"},"modified":"2026-02-07T18:17:59","modified_gmt":"2026-02-07T18:17:59","slug":"zlatni-privezak-sa-cirkonom","status":"publish","type":"product","link":"https:\/\/zlataraimperia.rs\/en\/privesci\/zlatni-privezak-sa-cirkonom\/","title":{"rendered":"Gold pendant with zircon"},"content":{"rendered":"","protected":false},"excerpt":{"rendered":"<p>Prelepi model zlatnog priveska sa jednim dominantnim cirkonom u sredini. Podse\u0107a na modele privezaka kakve su volele predratne dame koje su svoje komade porodi\u010dnog nakita ljubomorno \u010duvale za specijalne prilike i prenosile ih narednim generacijama u nasledstvo. Kome god da ga namenite sigurni smo da \u0107e izazvati samo lepe emocije, a vas izdvojiti kao osobu koja ima stila i zna da odabere i damu i nakit.<\/p>","protected":false},"featured_media":30177,"comment_status":"closed","ping_status":"closed","template":"","meta":[],"product_brand":[],"product_cat":[137],"product_tag":[],"class_list":{"0":"post-30175","1":"product","2":"type-product","3":"status-publish","4":"has-post-thumbnail","6":"product_cat-privesci","7":"pa_materijali-zuto-zlato","8":"pa_vrste-kamena-cirkon","10":"first","11":"instock","12":"purchasable","13":"product-type-simple"},"_links":{"self":[{"href":"https:\/\/zlataraimperia.rs\/en\/wp-json\/wp\/v2\/product\/30175","targetHints":{"allow":["GET"]}}],"collection":[{"href":"https:\/\/zlataraimperia.rs\/en\/wp-json\/wp\/v2\/product"}],"about":[{"href":"https:\/\/zlataraimperia.rs\/en\/wp-json\/wp\/v2\/types\/product"}],"replies":[{"embeddable":true,"href":"https:\/\/zlataraimperia.rs\/en\/wp-json\/wp\/v2\/comments?post=30175"}],"version-history":[{"count":1,"href":"https:\/\/zlataraimperia.rs\/en\/wp-json\/wp\/v2\/product\/30175\/revisions"}],"predecessor-version":[{"id":30176,"href":"https:\/\/zlataraimperia.rs\/en\/wp-json\/wp\/v2\/product\/30175\/revisions\/30176"}],"wp:featuredmedia":[{"embeddable":true,"href":"https:\/\/zlataraimperia.rs\/en\/wp-json\/wp\/v2\/media\/30177"}],"wp:attachment":[{"href":"https:\/\/zlataraimperia.rs\/en\/wp-json\/wp\/v2\/media?parent=30175"}],"wp:term":[{"taxonomy":"product_brand","embeddable":true,"href":"https:\/\/zlataraimperia.rs\/en\/wp-json\/wp\/v2\/product_brand?post=30175"},{"taxonomy":"product_cat","embeddable":true,"href":"https:\/\/zlataraimperia.rs\/en\/wp-json\/wp\/v2\/product_cat?post=30175"},{"taxonomy":"product_tag","embeddable":true,"href":"https:\/\/zlataraimperia.rs\/en\/wp-json\/wp\/v2\/product_tag?post=30175"}],"curies":[{"name":"wp","href":"https:\/\/api.w.org\/{rel}","templated":true}]}}