{"id":30052,"date":"2025-07-24T07:48:49","date_gmt":"2025-07-24T07:48:49","guid":{"rendered":"https:\/\/zlataraimperia.rs\/shop\/uncategorized\/zlatni-flamingos\/"},"modified":"2026-02-07T18:17:58","modified_gmt":"2026-02-07T18:17:58","slug":"zlatni-flamingos","status":"publish","type":"product","link":"https:\/\/zlataraimperia.rs\/en\/privesci\/zlatni-flamingos\/","title":{"rendered":"Golden flamingos"},"content":{"rendered":"","protected":false},"excerpt":{"rendered":"<p>Od ru\u017ei\u010dastih flamingosa jedino su graciozniji zlatni, ura\u0111eni u formi priveska za lan\u010di\u0107 i ukra\u0161eni lepo raspore\u0111enbim cirkonima.<\/p>","protected":false},"featured_media":30054,"comment_status":"closed","ping_status":"closed","template":"","meta":[],"product_brand":[],"product_cat":[137],"product_tag":[],"class_list":{"0":"post-30052","1":"product","2":"type-product","3":"status-publish","4":"has-post-thumbnail","6":"product_cat-privesci","7":"pa_materijali-zuto-zlato","8":"pa_vrste-kamena-bez-kamena","10":"first","11":"instock","12":"purchasable","13":"product-type-simple"},"_links":{"self":[{"href":"https:\/\/zlataraimperia.rs\/en\/wp-json\/wp\/v2\/product\/30052","targetHints":{"allow":["GET"]}}],"collection":[{"href":"https:\/\/zlataraimperia.rs\/en\/wp-json\/wp\/v2\/product"}],"about":[{"href":"https:\/\/zlataraimperia.rs\/en\/wp-json\/wp\/v2\/types\/product"}],"replies":[{"embeddable":true,"href":"https:\/\/zlataraimperia.rs\/en\/wp-json\/wp\/v2\/comments?post=30052"}],"version-history":[{"count":1,"href":"https:\/\/zlataraimperia.rs\/en\/wp-json\/wp\/v2\/product\/30052\/revisions"}],"predecessor-version":[{"id":30053,"href":"https:\/\/zlataraimperia.rs\/en\/wp-json\/wp\/v2\/product\/30052\/revisions\/30053"}],"wp:featuredmedia":[{"embeddable":true,"href":"https:\/\/zlataraimperia.rs\/en\/wp-json\/wp\/v2\/media\/30054"}],"wp:attachment":[{"href":"https:\/\/zlataraimperia.rs\/en\/wp-json\/wp\/v2\/media?parent=30052"}],"wp:term":[{"taxonomy":"product_brand","embeddable":true,"href":"https:\/\/zlataraimperia.rs\/en\/wp-json\/wp\/v2\/product_brand?post=30052"},{"taxonomy":"product_cat","embeddable":true,"href":"https:\/\/zlataraimperia.rs\/en\/wp-json\/wp\/v2\/product_cat?post=30052"},{"taxonomy":"product_tag","embeddable":true,"href":"https:\/\/zlataraimperia.rs\/en\/wp-json\/wp\/v2\/product_tag?post=30052"}],"curies":[{"name":"wp","href":"https:\/\/api.w.org\/{rel}","templated":true}]}}