{"id":30028,"date":"2025-07-24T07:47:49","date_gmt":"2025-07-24T07:47:49","guid":{"rendered":"https:\/\/zlataraimperia.rs\/shop\/uncategorized\/ogrlica-od-belog-zlata-sa-priveskom-83\/"},"modified":"2026-02-09T11:19:29","modified_gmt":"2026-02-09T11:19:29","slug":"ogrlica-od-belog-zlata-sa-priveskom-83","status":"publish","type":"product","link":"https:\/\/zlataraimperia.rs\/en\/ogrlice\/ogrlica-od-belog-zlata-sa-priveskom-83\/","title":{"rendered":"White gold necklace with pendant"},"content":{"rendered":"","protected":false},"excerpt":{"rendered":"<p>Rasko\u0161na ogrlica izra\u0111ena od belog zlata. Pored ovakvog komada nakita, ni\u0161ta drugo Vam ne\u0107e trebati da upotpuni pri\u010du. Ovom ogrlicom pri\u010da je zaokru\u017eena, pogledi su upu\u0107eni u Vas i sjaj Va\u0161e ogrlice.<\/p>","protected":false},"featured_media":30030,"comment_status":"closed","ping_status":"open","template":"","meta":[],"product_brand":[],"product_cat":[132],"product_tag":[],"class_list":{"0":"post-30028","1":"product","2":"type-product","3":"status-publish","4":"has-post-thumbnail","6":"product_cat-ogrlice","7":"pa_materijali-belo-zlato","8":"pa_vrste-kamena-bez-kamena","10":"first","11":"instock","12":"purchasable","13":"product-type-simple"},"_links":{"self":[{"href":"https:\/\/zlataraimperia.rs\/en\/wp-json\/wp\/v2\/product\/30028","targetHints":{"allow":["GET"]}}],"collection":[{"href":"https:\/\/zlataraimperia.rs\/en\/wp-json\/wp\/v2\/product"}],"about":[{"href":"https:\/\/zlataraimperia.rs\/en\/wp-json\/wp\/v2\/types\/product"}],"replies":[{"embeddable":true,"href":"https:\/\/zlataraimperia.rs\/en\/wp-json\/wp\/v2\/comments?post=30028"}],"version-history":[{"count":1,"href":"https:\/\/zlataraimperia.rs\/en\/wp-json\/wp\/v2\/product\/30028\/revisions"}],"predecessor-version":[{"id":30029,"href":"https:\/\/zlataraimperia.rs\/en\/wp-json\/wp\/v2\/product\/30028\/revisions\/30029"}],"wp:featuredmedia":[{"embeddable":true,"href":"https:\/\/zlataraimperia.rs\/en\/wp-json\/wp\/v2\/media\/30030"}],"wp:attachment":[{"href":"https:\/\/zlataraimperia.rs\/en\/wp-json\/wp\/v2\/media?parent=30028"}],"wp:term":[{"taxonomy":"product_brand","embeddable":true,"href":"https:\/\/zlataraimperia.rs\/en\/wp-json\/wp\/v2\/product_brand?post=30028"},{"taxonomy":"product_cat","embeddable":true,"href":"https:\/\/zlataraimperia.rs\/en\/wp-json\/wp\/v2\/product_cat?post=30028"},{"taxonomy":"product_tag","embeddable":true,"href":"https:\/\/zlataraimperia.rs\/en\/wp-json\/wp\/v2\/product_tag?post=30028"}],"curies":[{"name":"wp","href":"https:\/\/api.w.org\/{rel}","templated":true}]}}