{"id":30003,"date":"2025-07-24T07:47:49","date_gmt":"2025-07-24T07:47:49","guid":{"rendered":"https:\/\/zlataraimperia.rs\/shop\/uncategorized\/ogrlica-andjeo\/"},"modified":"2026-02-09T11:19:29","modified_gmt":"2026-02-09T11:19:29","slug":"ogrlica-andjeo","status":"publish","type":"product","link":"https:\/\/zlataraimperia.rs\/en\/ogrlice\/ogrlica-andjeo\/","title":{"rendered":"Angel necklace"},"content":{"rendered":"","protected":false},"excerpt":{"rendered":"<p>Ogrlica od roze zlata sa priveskom u obliku an\u0111ela. Za va\u0161eg an\u0111ela ili An\u0111elu.<\/p>","protected":false},"featured_media":30005,"comment_status":"closed","ping_status":"open","template":"","meta":[],"product_brand":[],"product_cat":[132],"product_tag":[],"class_list":{"0":"post-30003","1":"product","2":"type-product","3":"status-publish","4":"has-post-thumbnail","6":"product_cat-ogrlice","7":"pa_materijali-zuto-zlato","8":"pa_vrste-kamena-bez-kamena","10":"first","11":"instock","12":"purchasable","13":"product-type-simple"},"_links":{"self":[{"href":"https:\/\/zlataraimperia.rs\/en\/wp-json\/wp\/v2\/product\/30003","targetHints":{"allow":["GET"]}}],"collection":[{"href":"https:\/\/zlataraimperia.rs\/en\/wp-json\/wp\/v2\/product"}],"about":[{"href":"https:\/\/zlataraimperia.rs\/en\/wp-json\/wp\/v2\/types\/product"}],"replies":[{"embeddable":true,"href":"https:\/\/zlataraimperia.rs\/en\/wp-json\/wp\/v2\/comments?post=30003"}],"version-history":[{"count":1,"href":"https:\/\/zlataraimperia.rs\/en\/wp-json\/wp\/v2\/product\/30003\/revisions"}],"predecessor-version":[{"id":30004,"href":"https:\/\/zlataraimperia.rs\/en\/wp-json\/wp\/v2\/product\/30003\/revisions\/30004"}],"wp:featuredmedia":[{"embeddable":true,"href":"https:\/\/zlataraimperia.rs\/en\/wp-json\/wp\/v2\/media\/30005"}],"wp:attachment":[{"href":"https:\/\/zlataraimperia.rs\/en\/wp-json\/wp\/v2\/media?parent=30003"}],"wp:term":[{"taxonomy":"product_brand","embeddable":true,"href":"https:\/\/zlataraimperia.rs\/en\/wp-json\/wp\/v2\/product_brand?post=30003"},{"taxonomy":"product_cat","embeddable":true,"href":"https:\/\/zlataraimperia.rs\/en\/wp-json\/wp\/v2\/product_cat?post=30003"},{"taxonomy":"product_tag","embeddable":true,"href":"https:\/\/zlataraimperia.rs\/en\/wp-json\/wp\/v2\/product_tag?post=30003"}],"curies":[{"name":"wp","href":"https:\/\/api.w.org\/{rel}","templated":true}]}}