{"id":29991,"date":"2025-07-24T07:47:49","date_gmt":"2025-07-24T07:47:49","guid":{"rendered":"https:\/\/zlataraimperia.rs\/shop\/uncategorized\/ogrlica-od-belog-zlata-sa-priveskom-1291\/"},"modified":"2026-02-09T11:19:29","modified_gmt":"2026-02-09T11:19:29","slug":"ogrlica-od-belog-zlata-sa-priveskom-1291","status":"publish","type":"product","link":"https:\/\/zlataraimperia.rs\/en\/ogrlice\/ogrlica-od-belog-zlata-sa-priveskom-1291\/","title":{"rendered":"White gold necklace with pendant"},"content":{"rendered":"","protected":false},"excerpt":{"rendered":"<p>Ova svakako nesvakida\u0161nja, retka i neobi\u010dna ogrlica na sebi sadr\u017ei okrugli privezak od belog zlata ura\u0111en u konturama stabla. Simbolika priveska ove lepe ogrlice je upe\u010datljiva i predstavlja drvo kao simbol snage, postojanosti i \u017eivota.<\/p>","protected":false},"featured_media":29993,"comment_status":"closed","ping_status":"open","template":"","meta":[],"product_brand":[],"product_cat":[132],"product_tag":[],"class_list":{"0":"post-29991","1":"product","2":"type-product","3":"status-publish","4":"has-post-thumbnail","6":"product_cat-ogrlice","7":"pa_materijali-belo-zlato","8":"pa_vrste-kamena-bez-kamena","10":"first","11":"instock","12":"purchasable","13":"product-type-simple"},"_links":{"self":[{"href":"https:\/\/zlataraimperia.rs\/en\/wp-json\/wp\/v2\/product\/29991","targetHints":{"allow":["GET"]}}],"collection":[{"href":"https:\/\/zlataraimperia.rs\/en\/wp-json\/wp\/v2\/product"}],"about":[{"href":"https:\/\/zlataraimperia.rs\/en\/wp-json\/wp\/v2\/types\/product"}],"replies":[{"embeddable":true,"href":"https:\/\/zlataraimperia.rs\/en\/wp-json\/wp\/v2\/comments?post=29991"}],"version-history":[{"count":1,"href":"https:\/\/zlataraimperia.rs\/en\/wp-json\/wp\/v2\/product\/29991\/revisions"}],"predecessor-version":[{"id":29992,"href":"https:\/\/zlataraimperia.rs\/en\/wp-json\/wp\/v2\/product\/29991\/revisions\/29992"}],"wp:featuredmedia":[{"embeddable":true,"href":"https:\/\/zlataraimperia.rs\/en\/wp-json\/wp\/v2\/media\/29993"}],"wp:attachment":[{"href":"https:\/\/zlataraimperia.rs\/en\/wp-json\/wp\/v2\/media?parent=29991"}],"wp:term":[{"taxonomy":"product_brand","embeddable":true,"href":"https:\/\/zlataraimperia.rs\/en\/wp-json\/wp\/v2\/product_brand?post=29991"},{"taxonomy":"product_cat","embeddable":true,"href":"https:\/\/zlataraimperia.rs\/en\/wp-json\/wp\/v2\/product_cat?post=29991"},{"taxonomy":"product_tag","embeddable":true,"href":"https:\/\/zlataraimperia.rs\/en\/wp-json\/wp\/v2\/product_tag?post=29991"}],"curies":[{"name":"wp","href":"https:\/\/api.w.org\/{rel}","templated":true}]}}