{"id":29874,"date":"2025-07-24T07:45:48","date_gmt":"2025-07-24T07:45:48","guid":{"rendered":"https:\/\/zlataraimperia.rs\/shop\/uncategorized\/ogrlica-sa-rubinom-i-brilijantima\/"},"modified":"2026-02-24T18:51:18","modified_gmt":"2026-02-24T18:51:18","slug":"ogrlica-sa-rubinom-i-brilijantima","status":"publish","type":"product","link":"https:\/\/zlataraimperia.rs\/en\/ogrlice\/ogrlica-sa-rubinom-i-brilijantima\/","title":{"rendered":"Necklace with ruby and diamonds"},"content":{"rendered":"","protected":false},"excerpt":{"rendered":"<p>Prelepa ogrlica sa modro crvenim rubinom i brilijantima napravljena od belog zlata.<\/p>\n<p>Ova ogrlica se mo\u017ee kupiti i u kompletu sa prstenom i min\u0111u\u0161ama istog dizajna <a href=\"https:\/\/zlataraimperia.rs\/en\/jewelry-sets\/komplet-nakita-sa-rubinima\/\"><u>HERE<\/u><\/a>.<\/p>","protected":false},"featured_media":29876,"comment_status":"closed","ping_status":"closed","template":"","meta":[],"product_brand":[],"product_cat":[132],"product_tag":[],"class_list":{"0":"post-29874","1":"product","2":"type-product","3":"status-publish","4":"has-post-thumbnail","6":"product_cat-ogrlice","7":"pa_materijali-belo-zlato","8":"pa_vrste-kamena-brilijant","9":"pa_vrste-kamena-kombinacija-kamena","10":"pa_vrste-kamena-rubin","12":"first","13":"instock","14":"purchasable","15":"product-type-simple"},"_links":{"self":[{"href":"https:\/\/zlataraimperia.rs\/en\/wp-json\/wp\/v2\/product\/29874","targetHints":{"allow":["GET"]}}],"collection":[{"href":"https:\/\/zlataraimperia.rs\/en\/wp-json\/wp\/v2\/product"}],"about":[{"href":"https:\/\/zlataraimperia.rs\/en\/wp-json\/wp\/v2\/types\/product"}],"replies":[{"embeddable":true,"href":"https:\/\/zlataraimperia.rs\/en\/wp-json\/wp\/v2\/comments?post=29874"}],"version-history":[{"count":2,"href":"https:\/\/zlataraimperia.rs\/en\/wp-json\/wp\/v2\/product\/29874\/revisions"}],"predecessor-version":[{"id":32871,"href":"https:\/\/zlataraimperia.rs\/en\/wp-json\/wp\/v2\/product\/29874\/revisions\/32871"}],"wp:featuredmedia":[{"embeddable":true,"href":"https:\/\/zlataraimperia.rs\/en\/wp-json\/wp\/v2\/media\/29876"}],"wp:attachment":[{"href":"https:\/\/zlataraimperia.rs\/en\/wp-json\/wp\/v2\/media?parent=29874"}],"wp:term":[{"taxonomy":"product_brand","embeddable":true,"href":"https:\/\/zlataraimperia.rs\/en\/wp-json\/wp\/v2\/product_brand?post=29874"},{"taxonomy":"product_cat","embeddable":true,"href":"https:\/\/zlataraimperia.rs\/en\/wp-json\/wp\/v2\/product_cat?post=29874"},{"taxonomy":"product_tag","embeddable":true,"href":"https:\/\/zlataraimperia.rs\/en\/wp-json\/wp\/v2\/product_tag?post=29874"}],"curies":[{"name":"wp","href":"https:\/\/api.w.org\/{rel}","templated":true}]}}