{"id":29853,"date":"2025-07-24T07:45:48","date_gmt":"2025-07-24T07:45:48","guid":{"rendered":"https:\/\/zlataraimperia.rs\/shop\/uncategorized\/ekskluzivno-masivna-zlatna-ogrlica-lanac\/"},"modified":"2026-02-09T11:19:27","modified_gmt":"2026-02-09T11:19:27","slug":"ekskluzivno-masivna-zlatna-ogrlica-lanac","status":"publish","type":"product","link":"https:\/\/zlataraimperia.rs\/en\/ogrlice\/ekskluzivno-masivna-zlatna-ogrlica-lanac\/","title":{"rendered":"EXCLUSIVE \u2013 Massive gold chain necklace"},"content":{"rendered":"","protected":false},"excerpt":{"rendered":"<p>Prelepo i detaljno dizajnirana ogrlica lan\u010di\u0107 kreirana od \u017eutog zlata.<\/p>","protected":false},"featured_media":29855,"comment_status":"closed","ping_status":"open","template":"","meta":[],"product_brand":[],"product_cat":[132],"product_tag":[],"class_list":{"0":"post-29853","1":"product","2":"type-product","3":"status-publish","4":"has-post-thumbnail","6":"product_cat-ogrlice","7":"pa_materijali-zuto-zlato","8":"pa_vrste-kamena-bez-kamena","10":"first","11":"instock","12":"purchasable","13":"product-type-simple"},"_links":{"self":[{"href":"https:\/\/zlataraimperia.rs\/en\/wp-json\/wp\/v2\/product\/29853","targetHints":{"allow":["GET"]}}],"collection":[{"href":"https:\/\/zlataraimperia.rs\/en\/wp-json\/wp\/v2\/product"}],"about":[{"href":"https:\/\/zlataraimperia.rs\/en\/wp-json\/wp\/v2\/types\/product"}],"replies":[{"embeddable":true,"href":"https:\/\/zlataraimperia.rs\/en\/wp-json\/wp\/v2\/comments?post=29853"}],"version-history":[{"count":1,"href":"https:\/\/zlataraimperia.rs\/en\/wp-json\/wp\/v2\/product\/29853\/revisions"}],"predecessor-version":[{"id":29854,"href":"https:\/\/zlataraimperia.rs\/en\/wp-json\/wp\/v2\/product\/29853\/revisions\/29854"}],"wp:featuredmedia":[{"embeddable":true,"href":"https:\/\/zlataraimperia.rs\/en\/wp-json\/wp\/v2\/media\/29855"}],"wp:attachment":[{"href":"https:\/\/zlataraimperia.rs\/en\/wp-json\/wp\/v2\/media?parent=29853"}],"wp:term":[{"taxonomy":"product_brand","embeddable":true,"href":"https:\/\/zlataraimperia.rs\/en\/wp-json\/wp\/v2\/product_brand?post=29853"},{"taxonomy":"product_cat","embeddable":true,"href":"https:\/\/zlataraimperia.rs\/en\/wp-json\/wp\/v2\/product_cat?post=29853"},{"taxonomy":"product_tag","embeddable":true,"href":"https:\/\/zlataraimperia.rs\/en\/wp-json\/wp\/v2\/product_tag?post=29853"}],"curies":[{"name":"wp","href":"https:\/\/api.w.org\/{rel}","templated":true}]}}