{"id":29754,"date":"2025-07-24T07:42:56","date_gmt":"2025-07-24T07:42:56","guid":{"rendered":"https:\/\/zlataraimperia.rs\/shop\/uncategorized\/zlatna-ogrlica-sa-motivom-andjela\/"},"modified":"2026-02-09T11:19:25","modified_gmt":"2026-02-09T11:19:25","slug":"zlatna-ogrlica-sa-motivom-andjela","status":"publish","type":"product","link":"https:\/\/zlataraimperia.rs\/en\/ogrlice\/zlatna-ogrlica-sa-motivom-andjela\/","title":{"rendered":"Golden necklace with an angel motif"},"content":{"rendered":"","protected":false},"excerpt":{"rendered":"<p>Ogrlica od belog zlata sa motivima an\u0111ela na privesku. Ovu ogrlicu u kompletu sa min\u0111u\u0161ama mo\u017eete pogledati <a href=\"https:\/\/zlataraimperia.rs\/en\/jewelry-sets\/mindjuse-i-ogrlica-sa-motivima-andjela\/\"><u>HERE<\/u><\/a> .<\/p>","protected":false},"featured_media":28411,"comment_status":"closed","ping_status":"open","template":"","meta":[],"product_brand":[],"product_cat":[132],"product_tag":[],"class_list":{"0":"post-29754","1":"product","2":"type-product","3":"status-publish","4":"has-post-thumbnail","6":"product_cat-ogrlice","7":"pa_materijali-belo-zlato","8":"pa_vrste-kamena-bez-kamena","10":"first","11":"instock","12":"purchasable","13":"product-type-simple"},"_links":{"self":[{"href":"https:\/\/zlataraimperia.rs\/en\/wp-json\/wp\/v2\/product\/29754","targetHints":{"allow":["GET"]}}],"collection":[{"href":"https:\/\/zlataraimperia.rs\/en\/wp-json\/wp\/v2\/product"}],"about":[{"href":"https:\/\/zlataraimperia.rs\/en\/wp-json\/wp\/v2\/types\/product"}],"replies":[{"embeddable":true,"href":"https:\/\/zlataraimperia.rs\/en\/wp-json\/wp\/v2\/comments?post=29754"}],"version-history":[{"count":1,"href":"https:\/\/zlataraimperia.rs\/en\/wp-json\/wp\/v2\/product\/29754\/revisions"}],"predecessor-version":[{"id":29755,"href":"https:\/\/zlataraimperia.rs\/en\/wp-json\/wp\/v2\/product\/29754\/revisions\/29755"}],"wp:featuredmedia":[{"embeddable":true,"href":"https:\/\/zlataraimperia.rs\/en\/wp-json\/wp\/v2\/media\/28411"}],"wp:attachment":[{"href":"https:\/\/zlataraimperia.rs\/en\/wp-json\/wp\/v2\/media?parent=29754"}],"wp:term":[{"taxonomy":"product_brand","embeddable":true,"href":"https:\/\/zlataraimperia.rs\/en\/wp-json\/wp\/v2\/product_brand?post=29754"},{"taxonomy":"product_cat","embeddable":true,"href":"https:\/\/zlataraimperia.rs\/en\/wp-json\/wp\/v2\/product_cat?post=29754"},{"taxonomy":"product_tag","embeddable":true,"href":"https:\/\/zlataraimperia.rs\/en\/wp-json\/wp\/v2\/product_tag?post=29754"}],"curies":[{"name":"wp","href":"https:\/\/api.w.org\/{rel}","templated":true}]}}