{"id":29597,"date":"2025-07-24T07:39:38","date_gmt":"2025-07-24T07:39:38","guid":{"rendered":"https:\/\/zlataraimperia.rs\/shop\/uncategorized\/kruta-narukvica-od-belog-zlata-765\/"},"modified":"2026-02-07T17:18:11","modified_gmt":"2026-02-07T17:18:11","slug":"kruta-narukvica-od-belog-zlata-765","status":"publish","type":"product","link":"https:\/\/zlataraimperia.rs\/en\/narukvice\/kruta-narukvica-od-belog-zlata-765\/","title":{"rendered":"White gold bracelet"},"content":{"rendered":"","protected":false},"excerpt":{"rendered":"<p>Rasko\u0161na narukvica izra\u0111ena od belog zlata. Pored ovakvog komada nakita, ni\u0161ta drugo Vam ne\u0107e trebati da upotpuni pri\u010du. Ovom narukvicom pri\u010da je zaokru\u017eena, pogledi su upu\u0107eni u Vas i sjaj Va\u0161eg nakita.<\/p>","protected":false},"featured_media":29599,"comment_status":"closed","ping_status":"closed","template":"","meta":[],"product_brand":[],"product_cat":[130],"product_tag":[],"class_list":{"0":"post-29597","1":"product","2":"type-product","3":"status-publish","4":"has-post-thumbnail","6":"product_cat-narukvice","7":"pa_materijali-belo-zlato","8":"pa_vrste-kamena-bez-kamena","10":"first","11":"instock","12":"purchasable","13":"product-type-simple"},"_links":{"self":[{"href":"https:\/\/zlataraimperia.rs\/en\/wp-json\/wp\/v2\/product\/29597","targetHints":{"allow":["GET"]}}],"collection":[{"href":"https:\/\/zlataraimperia.rs\/en\/wp-json\/wp\/v2\/product"}],"about":[{"href":"https:\/\/zlataraimperia.rs\/en\/wp-json\/wp\/v2\/types\/product"}],"replies":[{"embeddable":true,"href":"https:\/\/zlataraimperia.rs\/en\/wp-json\/wp\/v2\/comments?post=29597"}],"version-history":[{"count":1,"href":"https:\/\/zlataraimperia.rs\/en\/wp-json\/wp\/v2\/product\/29597\/revisions"}],"predecessor-version":[{"id":29598,"href":"https:\/\/zlataraimperia.rs\/en\/wp-json\/wp\/v2\/product\/29597\/revisions\/29598"}],"wp:featuredmedia":[{"embeddable":true,"href":"https:\/\/zlataraimperia.rs\/en\/wp-json\/wp\/v2\/media\/29599"}],"wp:attachment":[{"href":"https:\/\/zlataraimperia.rs\/en\/wp-json\/wp\/v2\/media?parent=29597"}],"wp:term":[{"taxonomy":"product_brand","embeddable":true,"href":"https:\/\/zlataraimperia.rs\/en\/wp-json\/wp\/v2\/product_brand?post=29597"},{"taxonomy":"product_cat","embeddable":true,"href":"https:\/\/zlataraimperia.rs\/en\/wp-json\/wp\/v2\/product_cat?post=29597"},{"taxonomy":"product_tag","embeddable":true,"href":"https:\/\/zlataraimperia.rs\/en\/wp-json\/wp\/v2\/product_tag?post=29597"}],"curies":[{"name":"wp","href":"https:\/\/api.w.org\/{rel}","templated":true}]}}