{"id":29569,"date":"2025-07-24T07:39:38","date_gmt":"2025-07-24T07:39:38","guid":{"rendered":"https:\/\/zlataraimperia.rs\/shop\/uncategorized\/decija-narukvica-738\/"},"modified":"2026-02-07T17:18:11","modified_gmt":"2026-02-07T17:18:11","slug":"decija-narukvica-738","status":"publish","type":"product","link":"https:\/\/zlataraimperia.rs\/en\/narukvice\/decija-narukvica-738\/","title":{"rendered":"De\u010dija narukvica"},"content":{"rendered":"","protected":false},"excerpt":{"rendered":"<p>De\u010dija narukvica od \u017eutog zlata. Birajte samo najbolje za svoje mali\u0161ane.<\/p>","protected":false},"featured_media":29571,"comment_status":"closed","ping_status":"open","template":"","meta":[],"product_brand":[],"product_cat":[130],"product_tag":[],"class_list":{"0":"post-29569","1":"product","2":"type-product","3":"status-publish","4":"has-post-thumbnail","6":"product_cat-narukvice","7":"pa_materijali-zuto-zlato","8":"pa_vrste-kamena-bez-kamena","10":"first","11":"instock","12":"purchasable","13":"product-type-simple"},"_links":{"self":[{"href":"https:\/\/zlataraimperia.rs\/en\/wp-json\/wp\/v2\/product\/29569","targetHints":{"allow":["GET"]}}],"collection":[{"href":"https:\/\/zlataraimperia.rs\/en\/wp-json\/wp\/v2\/product"}],"about":[{"href":"https:\/\/zlataraimperia.rs\/en\/wp-json\/wp\/v2\/types\/product"}],"replies":[{"embeddable":true,"href":"https:\/\/zlataraimperia.rs\/en\/wp-json\/wp\/v2\/comments?post=29569"}],"version-history":[{"count":1,"href":"https:\/\/zlataraimperia.rs\/en\/wp-json\/wp\/v2\/product\/29569\/revisions"}],"predecessor-version":[{"id":29570,"href":"https:\/\/zlataraimperia.rs\/en\/wp-json\/wp\/v2\/product\/29569\/revisions\/29570"}],"wp:featuredmedia":[{"embeddable":true,"href":"https:\/\/zlataraimperia.rs\/en\/wp-json\/wp\/v2\/media\/29571"}],"wp:attachment":[{"href":"https:\/\/zlataraimperia.rs\/en\/wp-json\/wp\/v2\/media?parent=29569"}],"wp:term":[{"taxonomy":"product_brand","embeddable":true,"href":"https:\/\/zlataraimperia.rs\/en\/wp-json\/wp\/v2\/product_brand?post=29569"},{"taxonomy":"product_cat","embeddable":true,"href":"https:\/\/zlataraimperia.rs\/en\/wp-json\/wp\/v2\/product_cat?post=29569"},{"taxonomy":"product_tag","embeddable":true,"href":"https:\/\/zlataraimperia.rs\/en\/wp-json\/wp\/v2\/product_tag?post=29569"}],"curies":[{"name":"wp","href":"https:\/\/api.w.org\/{rel}","templated":true}]}}