{"id":29208,"date":"2025-07-24T07:34:19","date_gmt":"2025-07-24T07:34:19","guid":{"rendered":"https:\/\/zlataraimperia.rs\/shop\/uncategorized\/zlatne-mindjuse-krunice\/"},"modified":"2026-02-07T17:04:31","modified_gmt":"2026-02-07T17:04:31","slug":"zlatne-mindjuse-krunice","status":"publish","type":"product","link":"https:\/\/zlataraimperia.rs\/en\/mindjuse\/zlatne-mindjuse-krunice\/","title":{"rendered":"Gold rosary earrings"},"content":{"rendered":"","protected":false},"excerpt":{"rendered":"<p>Neobi\u010dne min\u0111u\u0161e zlatne krunice za mamine i tatine princeze i kraljice.<\/p>","protected":false},"featured_media":29210,"comment_status":"closed","ping_status":"open","template":"","meta":[],"product_brand":[],"product_cat":[126],"product_tag":[],"class_list":{"0":"post-29208","1":"product","2":"type-product","3":"status-publish","4":"has-post-thumbnail","6":"product_cat-mindjuse","7":"pa_materijali-zuto-zlato","8":"pa_vrste-kamena-bez-kamena","10":"first","11":"instock","12":"purchasable","13":"product-type-simple"},"_links":{"self":[{"href":"https:\/\/zlataraimperia.rs\/en\/wp-json\/wp\/v2\/product\/29208","targetHints":{"allow":["GET"]}}],"collection":[{"href":"https:\/\/zlataraimperia.rs\/en\/wp-json\/wp\/v2\/product"}],"about":[{"href":"https:\/\/zlataraimperia.rs\/en\/wp-json\/wp\/v2\/types\/product"}],"replies":[{"embeddable":true,"href":"https:\/\/zlataraimperia.rs\/en\/wp-json\/wp\/v2\/comments?post=29208"}],"version-history":[{"count":1,"href":"https:\/\/zlataraimperia.rs\/en\/wp-json\/wp\/v2\/product\/29208\/revisions"}],"predecessor-version":[{"id":29209,"href":"https:\/\/zlataraimperia.rs\/en\/wp-json\/wp\/v2\/product\/29208\/revisions\/29209"}],"wp:featuredmedia":[{"embeddable":true,"href":"https:\/\/zlataraimperia.rs\/en\/wp-json\/wp\/v2\/media\/29210"}],"wp:attachment":[{"href":"https:\/\/zlataraimperia.rs\/en\/wp-json\/wp\/v2\/media?parent=29208"}],"wp:term":[{"taxonomy":"product_brand","embeddable":true,"href":"https:\/\/zlataraimperia.rs\/en\/wp-json\/wp\/v2\/product_brand?post=29208"},{"taxonomy":"product_cat","embeddable":true,"href":"https:\/\/zlataraimperia.rs\/en\/wp-json\/wp\/v2\/product_cat?post=29208"},{"taxonomy":"product_tag","embeddable":true,"href":"https:\/\/zlataraimperia.rs\/en\/wp-json\/wp\/v2\/product_tag?post=29208"}],"curies":[{"name":"wp","href":"https:\/\/api.w.org\/{rel}","templated":true}]}}