{"id":29133,"date":"2025-07-24T07:32:37","date_gmt":"2025-07-24T07:32:37","guid":{"rendered":"https:\/\/zlataraimperia.rs\/shop\/uncategorized\/atraktivno-zlatne-mindjuse\/"},"modified":"2026-02-07T17:04:30","modified_gmt":"2026-02-07T17:04:30","slug":"atraktivno-zlatne-mindjuse","status":"publish","type":"product","link":"https:\/\/zlataraimperia.rs\/en\/mindjuse\/atraktivno-zlatne-mindjuse\/","title":{"rendered":"ATTRACTIVE \u2013 Modern earrings"},"content":{"rendered":"","protected":false},"excerpt":{"rendered":"<p>Neobi\u010dne i nadasve atraktivne min\u0111u\u0161e od belog\u00a0zlata.<\/p>\n<p>Ove min\u0111u\u0161e se sjajno kombinuju sa prstenom istog dizajna i mogu i\u0107i u kompletu. Prsten mo\u017eete pogledati <a href=\"https:\/\/zlataraimperia.rs\/en\/rings\/atraktivno-prsten-od-belog-i-zutog-zlata\/\"><u>HERE<\/u><\/a>.<\/p>","protected":false},"featured_media":29135,"comment_status":"closed","ping_status":"closed","template":"","meta":[],"product_brand":[],"product_cat":[126],"product_tag":[],"class_list":{"0":"post-29133","1":"product","2":"type-product","3":"status-publish","4":"has-post-thumbnail","6":"product_cat-mindjuse","7":"pa_materijali-kombinacija-zlata","8":"pa_vrste-kamena-bez-kamena","10":"first","11":"instock","12":"purchasable","13":"product-type-simple"},"_links":{"self":[{"href":"https:\/\/zlataraimperia.rs\/en\/wp-json\/wp\/v2\/product\/29133","targetHints":{"allow":["GET"]}}],"collection":[{"href":"https:\/\/zlataraimperia.rs\/en\/wp-json\/wp\/v2\/product"}],"about":[{"href":"https:\/\/zlataraimperia.rs\/en\/wp-json\/wp\/v2\/types\/product"}],"replies":[{"embeddable":true,"href":"https:\/\/zlataraimperia.rs\/en\/wp-json\/wp\/v2\/comments?post=29133"}],"version-history":[{"count":2,"href":"https:\/\/zlataraimperia.rs\/en\/wp-json\/wp\/v2\/product\/29133\/revisions"}],"predecessor-version":[{"id":32838,"href":"https:\/\/zlataraimperia.rs\/en\/wp-json\/wp\/v2\/product\/29133\/revisions\/32838"}],"wp:featuredmedia":[{"embeddable":true,"href":"https:\/\/zlataraimperia.rs\/en\/wp-json\/wp\/v2\/media\/29135"}],"wp:attachment":[{"href":"https:\/\/zlataraimperia.rs\/en\/wp-json\/wp\/v2\/media?parent=29133"}],"wp:term":[{"taxonomy":"product_brand","embeddable":true,"href":"https:\/\/zlataraimperia.rs\/en\/wp-json\/wp\/v2\/product_brand?post=29133"},{"taxonomy":"product_cat","embeddable":true,"href":"https:\/\/zlataraimperia.rs\/en\/wp-json\/wp\/v2\/product_cat?post=29133"},{"taxonomy":"product_tag","embeddable":true,"href":"https:\/\/zlataraimperia.rs\/en\/wp-json\/wp\/v2\/product_tag?post=29133"}],"curies":[{"name":"wp","href":"https:\/\/api.w.org\/{rel}","templated":true}]}}