{"id":29099,"date":"2025-07-24T07:32:37","date_gmt":"2025-07-24T07:32:37","guid":{"rendered":"https:\/\/zlataraimperia.rs\/shop\/uncategorized\/mindjuse-od-belog-zlata-sa-brilijantima\/"},"modified":"2026-02-24T18:19:30","modified_gmt":"2026-02-24T18:19:30","slug":"mindjuse-od-belog-zlata-sa-brilijantima","status":"publish","type":"product","link":"https:\/\/zlataraimperia.rs\/en\/mindjuse\/mindjuse-od-belog-zlata-sa-brilijantima\/","title":{"rendered":"White gold earrings with diamonds"},"content":{"rendered":"","protected":false},"excerpt":{"rendered":"<p>Brilijantske min\u0111u\u0161e od belog zlata ne\u017enih zaobljenih kontura.<\/p>\n<p>Ove lepe min\u0111u\u0161e mogu se kupiti i u kompletu sa ogrlicom i brilijantskim prstenom istog dizajna u na\u0161oj kategoriji <u><a href=\"https:\/\/zlataraimperia.rs\/en\/jewelry-sets\/nakit-od-belog-zlata-sa-brilijantima\/\">jewelry sets<\/a><\/u> .<\/p>","protected":false},"featured_media":29101,"comment_status":"closed","ping_status":"closed","template":"","meta":[],"product_brand":[],"product_cat":[126],"product_tag":[],"class_list":{"0":"post-29099","1":"product","2":"type-product","3":"status-publish","4":"has-post-thumbnail","6":"product_cat-mindjuse","7":"pa_materijali-belo-zlato","8":"pa_vrste-kamena-brilijant","10":"first","11":"instock","12":"purchasable","13":"product-type-simple"},"_links":{"self":[{"href":"https:\/\/zlataraimperia.rs\/en\/wp-json\/wp\/v2\/product\/29099","targetHints":{"allow":["GET"]}}],"collection":[{"href":"https:\/\/zlataraimperia.rs\/en\/wp-json\/wp\/v2\/product"}],"about":[{"href":"https:\/\/zlataraimperia.rs\/en\/wp-json\/wp\/v2\/types\/product"}],"replies":[{"embeddable":true,"href":"https:\/\/zlataraimperia.rs\/en\/wp-json\/wp\/v2\/comments?post=29099"}],"version-history":[{"count":2,"href":"https:\/\/zlataraimperia.rs\/en\/wp-json\/wp\/v2\/product\/29099\/revisions"}],"predecessor-version":[{"id":32866,"href":"https:\/\/zlataraimperia.rs\/en\/wp-json\/wp\/v2\/product\/29099\/revisions\/32866"}],"wp:featuredmedia":[{"embeddable":true,"href":"https:\/\/zlataraimperia.rs\/en\/wp-json\/wp\/v2\/media\/29101"}],"wp:attachment":[{"href":"https:\/\/zlataraimperia.rs\/en\/wp-json\/wp\/v2\/media?parent=29099"}],"wp:term":[{"taxonomy":"product_brand","embeddable":true,"href":"https:\/\/zlataraimperia.rs\/en\/wp-json\/wp\/v2\/product_brand?post=29099"},{"taxonomy":"product_cat","embeddable":true,"href":"https:\/\/zlataraimperia.rs\/en\/wp-json\/wp\/v2\/product_cat?post=29099"},{"taxonomy":"product_tag","embeddable":true,"href":"https:\/\/zlataraimperia.rs\/en\/wp-json\/wp\/v2\/product_tag?post=29099"}],"curies":[{"name":"wp","href":"https:\/\/api.w.org\/{rel}","templated":true}]}}