{"id":29090,"date":"2025-07-24T07:32:37","date_gmt":"2025-07-24T07:32:37","guid":{"rendered":"https:\/\/zlataraimperia.rs\/shop\/uncategorized\/mindjuse-od-belog-zlata-sa-akvamarinom\/"},"modified":"2026-02-24T18:29:44","modified_gmt":"2026-02-24T18:29:44","slug":"mindjuse-od-belog-zlata-sa-akvamarinom","status":"publish","type":"product","link":"https:\/\/zlataraimperia.rs\/en\/mindjuse\/mindjuse-od-belog-zlata-sa-akvamarinom\/","title":{"rendered":"White gold earrings with aquamarine"},"content":{"rendered":"","protected":false},"excerpt":{"rendered":"<p>Min\u0111u\u0161e od belog zlata sa ne\u017eno plavim akvamarinom. Po predanju za akvamarin se veruje da je blago morskih sirena, a ka\u017ee se i da je kamen prosve\u0107enosti, duhovne svesnosti i sposobnosti.<\/p>\n<p>Ove min\u0111u\u0161e mogu se kupiti i u kompletu sa ogrlicom i prstenom istog dizajna u na\u0161oj kategoriji <u><a href=\"https:\/\/zlataraimperia.rs\/en\/jewelry-sets\/akvamarin-komplet-nakita-od-belog-zlata\/\">jewelry sets<\/a><\/u> .<\/p>","protected":false},"featured_media":29092,"comment_status":"closed","ping_status":"closed","template":"","meta":[],"product_brand":[],"product_cat":[126],"product_tag":[],"class_list":{"0":"post-29090","1":"product","2":"type-product","3":"status-publish","4":"has-post-thumbnail","6":"product_cat-mindjuse","7":"pa_materijali-belo-zlato","8":"pa_vrste-kamena-akvamarin","10":"first","11":"instock","12":"purchasable","13":"product-type-simple"},"_links":{"self":[{"href":"https:\/\/zlataraimperia.rs\/en\/wp-json\/wp\/v2\/product\/29090","targetHints":{"allow":["GET"]}}],"collection":[{"href":"https:\/\/zlataraimperia.rs\/en\/wp-json\/wp\/v2\/product"}],"about":[{"href":"https:\/\/zlataraimperia.rs\/en\/wp-json\/wp\/v2\/types\/product"}],"replies":[{"embeddable":true,"href":"https:\/\/zlataraimperia.rs\/en\/wp-json\/wp\/v2\/comments?post=29090"}],"version-history":[{"count":2,"href":"https:\/\/zlataraimperia.rs\/en\/wp-json\/wp\/v2\/product\/29090\/revisions"}],"predecessor-version":[{"id":32766,"href":"https:\/\/zlataraimperia.rs\/en\/wp-json\/wp\/v2\/product\/29090\/revisions\/32766"}],"wp:featuredmedia":[{"embeddable":true,"href":"https:\/\/zlataraimperia.rs\/en\/wp-json\/wp\/v2\/media\/29092"}],"wp:attachment":[{"href":"https:\/\/zlataraimperia.rs\/en\/wp-json\/wp\/v2\/media?parent=29090"}],"wp:term":[{"taxonomy":"product_brand","embeddable":true,"href":"https:\/\/zlataraimperia.rs\/en\/wp-json\/wp\/v2\/product_brand?post=29090"},{"taxonomy":"product_cat","embeddable":true,"href":"https:\/\/zlataraimperia.rs\/en\/wp-json\/wp\/v2\/product_cat?post=29090"},{"taxonomy":"product_tag","embeddable":true,"href":"https:\/\/zlataraimperia.rs\/en\/wp-json\/wp\/v2\/product_tag?post=29090"}],"curies":[{"name":"wp","href":"https:\/\/api.w.org\/{rel}","templated":true}]}}