{"id":29087,"date":"2025-07-24T07:32:37","date_gmt":"2025-07-24T07:32:37","guid":{"rendered":"https:\/\/zlataraimperia.rs\/shop\/uncategorized\/zlatne-mindjuse-u-obliku-srca-1271\/"},"modified":"2026-02-07T17:04:30","modified_gmt":"2026-02-07T17:04:30","slug":"zlatne-mindjuse-u-obliku-srca-1271","status":"publish","type":"product","link":"https:\/\/zlataraimperia.rs\/en\/mindjuse\/zlatne-mindjuse-u-obliku-srca-1271\/","title":{"rendered":"Zlatne min\u0111u\u0161e u obliku srca"},"content":{"rendered":"","protected":false},"excerpt":{"rendered":"<p>Zlatne min\u0111u\u0161e lepog dizajna koje prate formu i oblik srca.<\/p>\n<p>Ovae min\u0111u\u0161e mo\u017eete kupiti i u kompletu sa prstenom i ogrlicom istog dizajna u na\u0161oj kategoriji <u><a href=\"https:\/\/zlataraimperia.rs\/en\/jewelry-sets\/zlatni-komplet-zuto-zlato-i-brilijanti\/\">jewelry sets<\/a><\/u> .<\/p>","protected":false},"featured_media":29089,"comment_status":"closed","ping_status":"closed","template":"","meta":[],"product_brand":[],"product_cat":[126],"product_tag":[],"class_list":{"0":"post-29087","1":"product","2":"type-product","3":"status-publish","4":"has-post-thumbnail","6":"product_cat-mindjuse","7":"pa_materijali-zuto-zlato","8":"pa_vrste-kamena-cirkon","10":"first","11":"instock","12":"purchasable","13":"product-type-simple"},"_links":{"self":[{"href":"https:\/\/zlataraimperia.rs\/en\/wp-json\/wp\/v2\/product\/29087","targetHints":{"allow":["GET"]}}],"collection":[{"href":"https:\/\/zlataraimperia.rs\/en\/wp-json\/wp\/v2\/product"}],"about":[{"href":"https:\/\/zlataraimperia.rs\/en\/wp-json\/wp\/v2\/types\/product"}],"replies":[{"embeddable":true,"href":"https:\/\/zlataraimperia.rs\/en\/wp-json\/wp\/v2\/comments?post=29087"}],"version-history":[{"count":2,"href":"https:\/\/zlataraimperia.rs\/en\/wp-json\/wp\/v2\/product\/29087\/revisions"}],"predecessor-version":[{"id":32765,"href":"https:\/\/zlataraimperia.rs\/en\/wp-json\/wp\/v2\/product\/29087\/revisions\/32765"}],"wp:featuredmedia":[{"embeddable":true,"href":"https:\/\/zlataraimperia.rs\/en\/wp-json\/wp\/v2\/media\/29089"}],"wp:attachment":[{"href":"https:\/\/zlataraimperia.rs\/en\/wp-json\/wp\/v2\/media?parent=29087"}],"wp:term":[{"taxonomy":"product_brand","embeddable":true,"href":"https:\/\/zlataraimperia.rs\/en\/wp-json\/wp\/v2\/product_brand?post=29087"},{"taxonomy":"product_cat","embeddable":true,"href":"https:\/\/zlataraimperia.rs\/en\/wp-json\/wp\/v2\/product_cat?post=29087"},{"taxonomy":"product_tag","embeddable":true,"href":"https:\/\/zlataraimperia.rs\/en\/wp-json\/wp\/v2\/product_tag?post=29087"}],"curies":[{"name":"wp","href":"https:\/\/api.w.org\/{rel}","templated":true}]}}