{"id":29077,"date":"2025-07-24T07:31:46","date_gmt":"2025-07-24T07:31:46","guid":{"rendered":"https:\/\/zlataraimperia.rs\/shop\/uncategorized\/jedinstveno-zlatne-mindjuse-grcki-stil\/"},"modified":"2026-02-07T17:04:30","modified_gmt":"2026-02-07T17:04:30","slug":"jedinstveno-zlatne-mindjuse-grcki-stil","status":"publish","type":"product","link":"https:\/\/zlataraimperia.rs\/en\/mindjuse\/jedinstveno-zlatne-mindjuse-grcki-stil\/","title":{"rendered":"Jedinstveno &#8211; zlatne min\u0111u\u0161e gr\u010dki stil"},"content":{"rendered":"","protected":false},"excerpt":{"rendered":"<p>Zlatne min\u0111u\u0161e sa gr\u010dkom gravurom. Jedinstvene po dizajnu.<\/p>","protected":false},"featured_media":29079,"comment_status":"closed","ping_status":"closed","template":"","meta":[],"product_brand":[],"product_cat":[126],"product_tag":[],"class_list":{"0":"post-29077","1":"product","2":"type-product","3":"status-publish","4":"has-post-thumbnail","6":"product_cat-mindjuse","7":"pa_materijali-zuto-zlato","8":"pa_vrste-kamena-bez-kamena","10":"first","11":"instock","12":"purchasable","13":"product-type-simple"},"_links":{"self":[{"href":"https:\/\/zlataraimperia.rs\/en\/wp-json\/wp\/v2\/product\/29077","targetHints":{"allow":["GET"]}}],"collection":[{"href":"https:\/\/zlataraimperia.rs\/en\/wp-json\/wp\/v2\/product"}],"about":[{"href":"https:\/\/zlataraimperia.rs\/en\/wp-json\/wp\/v2\/types\/product"}],"replies":[{"embeddable":true,"href":"https:\/\/zlataraimperia.rs\/en\/wp-json\/wp\/v2\/comments?post=29077"}],"version-history":[{"count":1,"href":"https:\/\/zlataraimperia.rs\/en\/wp-json\/wp\/v2\/product\/29077\/revisions"}],"predecessor-version":[{"id":29078,"href":"https:\/\/zlataraimperia.rs\/en\/wp-json\/wp\/v2\/product\/29077\/revisions\/29078"}],"wp:featuredmedia":[{"embeddable":true,"href":"https:\/\/zlataraimperia.rs\/en\/wp-json\/wp\/v2\/media\/29079"}],"wp:attachment":[{"href":"https:\/\/zlataraimperia.rs\/en\/wp-json\/wp\/v2\/media?parent=29077"}],"wp:term":[{"taxonomy":"product_brand","embeddable":true,"href":"https:\/\/zlataraimperia.rs\/en\/wp-json\/wp\/v2\/product_brand?post=29077"},{"taxonomy":"product_cat","embeddable":true,"href":"https:\/\/zlataraimperia.rs\/en\/wp-json\/wp\/v2\/product_cat?post=29077"},{"taxonomy":"product_tag","embeddable":true,"href":"https:\/\/zlataraimperia.rs\/en\/wp-json\/wp\/v2\/product_tag?post=29077"}],"curies":[{"name":"wp","href":"https:\/\/api.w.org\/{rel}","templated":true}]}}